{"id":1410,"date":"2022-11-09T16:02:16","date_gmt":"2022-11-09T16:02:16","guid":{"rendered":"https:\/\/newcastelar.com\/?page_id=1410"},"modified":"2023-11-27T15:55:35","modified_gmt":"2023-11-27T15:55:35","slug":"bachillerato","status":"publish","type":"page","link":"https:\/\/newcastelar.com\/en\/bachillerato\/","title":{"rendered":"Baccalaureate"},"content":{"rendered":"<p>[et_pb_section fb_built=&#8221;1&#8243; fullwidth=&#8221;on&#8221; admin_label=&#8221;Hero&#8221; _builder_version=&#8221;4.18.1&#8243; background_image=&#8221;https:\/\/newcastelar.com\/wp-content\/uploads\/2022\/11\/Captura-de-pantalla-2022-11-10-121905.png&#8221; global_colors_info=&#8221;{}&#8221;][et_pb_fullwidth_header title=&#8221;Bachillerato&#8221; subhead=&#8221;The future starts today!&#8221; content_max_width=&#8221;700px&#8221; _builder_version=&#8221;4.21.0&#8243; title_font=&#8221;Playfair Display|700|||||||&#8221; title_font_size=&#8221;70px&#8221; title_line_height=&#8221;1.5em&#8221; content_font=&#8221;Nunito|600|||||||&#8221; content_font_size=&#8221;20px&#8221; subhead_font=&#8221;Lato|700|||||||&#8221; subhead_font_size=&#8221;30px&#8221; subhead_line_height=&#8221;1.8em&#8221; background_color=&#8221;rgba(0,0,0,0)&#8221; use_background_color_gradient=&#8221;on&#8221; background_color_gradient_direction=&#8221;220deg&#8221; background_color_gradient_stops=&#8221;rgba(53,80,160,0.27) 0%|#005f31 100%&#8221; background_color_gradient_overlays_image=&#8221;on&#8221; background_color_gradient_start=&#8221;rgba(53,80,160,0.27)&#8221; background_color_gradient_end=&#8221;#3550a0&#8243; custom_button_one=&#8221;on&#8221; button_one_text_size=&#8221;16px&#8221; button_one_text_color=&#8221;#3550a0&#8243; button_one_bg_color=&#8221;#ffffff&#8221; button_one_border_width=&#8221;10px&#8221; button_one_border_color=&#8221;rgba(210,159,104,0)&#8221; button_one_border_radius=&#8221;100px&#8221; button_one_font=&#8221;Lato|900|||||||&#8221; button_one_use_icon=&#8221;off&#8221; custom_button_two=&#8221;on&#8221; button_two_text_size=&#8221;16px&#8221; button_two_text_color=&#8221;#ffffff&#8221; button_two_bg_color=&#8221;rgba(255,255,255,0.15)&#8221; button_two_border_width=&#8221;10px&#8221; button_two_border_color=&#8221;rgba(210,159,104,0)&#8221; button_two_border_radius=&#8221;100px&#8221; button_two_font=&#8221;Lato|900|||||||&#8221; button_two_use_icon=&#8221;off&#8221; custom_margin=&#8221;|||&#8221; custom_padding=&#8221;10vw||10vw||false&#8221; custom_padding_tablet=&#8221;20vw||20vw||true&#8221; custom_padding_phone=&#8221;20vw||20vw||true&#8221; custom_padding_last_edited=&#8221;on|desktop&#8221; hover_enabled=&#8221;0&#8243; title_font_size_tablet=&#8221;50px&#8221; title_font_size_phone=&#8221;32px&#8221; title_font_size_last_edited=&#8221;on|tablet&#8221; button_one_text_color_hover=&#8221;#3550a0&#8243; button_two_text_color_hover=&#8221;#ffffff&#8221; button_one_bg_color_hover=&#8221;rgba(255,255,255,0.8)&#8221; button_two_bg_color_hover=&#8221;rgba(255,255,255,0.3)&#8221; global_colors_info=&#8221;{}&#8221; button_one_text_size__hover_enabled=&#8221;off&#8221; button_two_text_size__hover_enabled=&#8221;off&#8221; button_one_text_color__hover_enabled=&#8221;on&#8221; button_one_text_color__hover=&#8221;#3550a0&#8243; button_two_text_color__hover_enabled=&#8221;on&#8221; button_two_text_color__hover=&#8221;#ffffff&#8221; button_one_border_width__hover_enabled=&#8221;off&#8221; button_two_border_width__hover_enabled=&#8221;off&#8221; button_one_border_color__hover_enabled=&#8221;off&#8221; button_two_border_color__hover_enabled=&#8221;off&#8221; button_one_border_radius__hover_enabled=&#8221;off&#8221; button_two_border_radius__hover_enabled=&#8221;off&#8221; button_one_letter_spacing__hover_enabled=&#8221;off&#8221; button_two_letter_spacing__hover_enabled=&#8221;off&#8221; button_one_bg_color__hover_enabled=&#8221;on&#8221; button_one_bg_color__hover=&#8221;rgba(255,255,255,0.8)&#8221; button_two_bg_color__hover_enabled=&#8221;on&#8221; button_two_bg_color__hover=&#8221;rgba(255,255,255,0.3)&#8221; sticky_enabled=&#8221;0&#8243;][\/et_pb_fullwidth_header][\/et_pb_section][et_pb_section fb_built=&#8221;1&#8243; _builder_version=&#8221;4.18.1&#8243; _module_preset=&#8221;default&#8221; custom_padding=&#8221;||0px|||&#8221; global_colors_info=&#8221;{}&#8221;][et_pb_row _builder_version=&#8221;4.18.1&#8243; _module_preset=&#8221;default&#8221; global_colors_info=&#8221;{}&#8221;][et_pb_column type=&#8221;4_4&#8243; _builder_version=&#8221;4.18.1&#8243; _module_preset=&#8221;default&#8221; global_colors_info=&#8221;{}&#8221;][et_pb_text _builder_version=&#8221;4.18.1&#8243; _module_preset=&#8221;default&#8221; text_font=&#8221;Montserrat|200|||||||&#8221; text_font_size=&#8221;2px&#8221; header_font=&#8221;|300|||||||&#8221; header_font_size=&#8221;32px&#8221; header_line_height=&#8221;1.5em&#8221; text_orientation=&#8221;justified&#8221; global_colors_info=&#8221;{}&#8221;]<\/p>\n<h4><strong>El Bachillerato es una etapa educativa determinante por cuanto debe proporcionar a los alumnos formaci\u00f3n, madurez intelectual y humana, conocimientos y habilidades que les permitan desarrollar funciones sociales e incorporarse a la vida activa con responsabilidad y competencia. Asimismo, capacitar\u00e1 a los alumnos para acceder a la educaci\u00f3n superior<\/strong><\/h4>\n<p>[\/et_pb_text][\/et_pb_column][\/et_pb_row][\/et_pb_section][et_pb_section fb_built=&#8221;1&#8243; disabled_on=&#8221;off|off|off&#8221; admin_label=&#8221;About&#8221; _builder_version=&#8221;4.16&#8243; global_colors_info=&#8221;{}&#8221;][et_pb_row column_structure=&#8221;1_3,2_3&#8243; _builder_version=&#8221;4.16&#8243; global_colors_info=&#8221;{}&#8221;][et_pb_column type=&#8221;1_3&#8243; _builder_version=&#8221;4.16&#8243; custom_padding=&#8221;|||&#8221; global_colors_info=&#8221;{}&#8221; custom_padding__hover=&#8221;|||&#8221;][et_pb_image src=&#8221;https:\/\/newcastelar.com\/wp-content\/uploads\/2022\/11\/1o-2o.png&#8221; title_text=&#8221;1\u00ba-2\u00ba&#8221; _builder_version=&#8221;4.18.1&#8243; _module_preset=&#8221;default&#8221; global_colors_info=&#8221;{}&#8221;][\/et_pb_image][\/et_pb_column][et_pb_column type=&#8221;2_3&#8243; _builder_version=&#8221;4.16&#8243; custom_padding=&#8221;|||&#8221; global_colors_info=&#8221;{}&#8221; custom_padding__hover=&#8221;|||&#8221;][et_pb_text _builder_version=&#8221;4.18.1&#8243; text_font=&#8221;Montserrat||||||||&#8221; text_font_size=&#8221;16px&#8221; text_line_height=&#8221;1.9em&#8221; header_font=&#8221;Baskervville||||||||&#8221; header_3_font=&#8221;Montserrat|700||on|||||&#8221; header_3_text_align=&#8221;justify&#8221; header_3_text_color=&#8221;#1e36a0&#8243; header_3_font_size=&#8221;24px&#8221; header_3_line_height=&#8221;1.7em&#8221; header_6_font=&#8221;||||||||&#8221; text_orientation=&#8221;justified&#8221; max_width=&#8221;600px&#8221; max_width_last_edited=&#8221;off|desktop&#8221; custom_margin=&#8221;|||&#8221; custom_padding=&#8221;|||&#8221; header_3_font_size_tablet=&#8221;&#8221; header_3_font_size_phone=&#8221;20px&#8221; header_3_font_size_last_edited=&#8221;on|desktop&#8221; locked=&#8221;off&#8221; global_colors_info=&#8221;{}&#8221;]<\/p>\n<p>El Bachillerato comprende dos cursos. New Castelar College ofrece dos modalidades:<\/p>\n<ul>\n<li>Ciencias<\/li>\n<li>Ciencias Sociales<\/li>\n<\/ul>\n<p>Como colegio privado e internacional, New Castelar College incorpora a su curr\u00edculum educativo materias tan diferenciadoras como \u201cOratoria y Habilidades Comunicativas \u201cy \u201cBusiness Studies\u201d, yendo de la mano de las exigencias del mundo laboral del que formar\u00e1n parte en un futuro no muy lejano. Para ayudarles en su elecci\u00f3n de carrera, nuestros alumnos cuentan con el programa<\/p>\n<p>[\/et_pb_text][\/et_pb_column][\/et_pb_row][et_pb_row _builder_version=&#8221;4.18.1&#8243; _module_preset=&#8221;default&#8221; global_colors_info=&#8221;{}&#8221;][et_pb_column type=&#8221;4_4&#8243; _builder_version=&#8221;4.18.1&#8243; _module_preset=&#8221;default&#8221; global_colors_info=&#8221;{}&#8221;][et_pb_text _builder_version=&#8221;4.21.0&#8243; _module_preset=&#8221;default&#8221; text_font=&#8221;Montserrat||||||||&#8221; text_font_size=&#8221;16px&#8221; text_line_height=&#8221;1.9em&#8221; header_text_color=&#8221;#E02B20&#8243; hover_enabled=&#8221;0&#8243; global_colors_info=&#8221;{}&#8221; sticky_enabled=&#8221;0&#8243;]<\/p>\n<h1><span style=\"color: #000080;\"><strong>New Castelar Internships<\/strong><\/span><\/h1>\n<p>Una v\u00eda de acceso \u00fanica para experimentar el mundo laboral de primera mano, con el objetivo de ayudarles a decidir su futuro en el mundo laboral y progresar con paso firme en su trayectoria acad\u00e9mica y profesional. Durante este programa, los alumnos realizan pr\u00e1cticas junto con profesionales del campo al cu\u00e1l ellos desean dedicarse, en un entorno laboral real.<\/p>\n<p>Los estudiantes son supervisados por nuestro \u201cInternship Coordinator\u201d, que seleccionar\u00e1 las empresas m\u00e1s adecuadas para el perfil de los alumnos participantes, siendo tambi\u00e9n responsable de la formaci\u00f3n, preparaci\u00f3n y supervisi\u00f3n de los alumnos, para que su programa de pr\u00e1cticas sea desarrollado con \u00e9xito.<\/p>\n<p>New Castelar College, The Future Starts Today!!<\/p>\n<p>[\/et_pb_text][\/et_pb_column][\/et_pb_row][\/et_pb_section][et_pb_section fb_built=&#8221;1&#8243; specialty=&#8221;on&#8221; padding_2_tablet=&#8221;60px|50px|60px|50px|true|true&#8221; admin_label=&#8221;Footer&#8221; _builder_version=&#8221;4.18.1&#8243; background_color=&#8221;#FFFFFF&#8221; use_background_color_gradient=&#8221;on&#8221; background_color_gradient_direction=&#8221;133deg&#8221; background_color_gradient_stops=&#8221;rgba(240,242,246,0.5) 0%|#ffffff 56%&#8221; background_color_gradient_overlays_image=&#8221;on&#8221; background_color_gradient_start=&#8221;#ffffff&#8221; background_color_gradient_start_position=&#8221;70%&#8221; background_color_gradient_end=&#8221;rgba(240,242,246,0.5)&#8221; background_color_gradient_end_position=&#8221;30%&#8221; background_image=&#8221;https:\/\/newcastelar.com\/wp-content\/uploads\/2022\/11\/atardecer-1-2.png&#8221; custom_margin=&#8221;-46px|||||&#8221; custom_padding=&#8221;77px|||||&#8221; global_module=&#8221;259&#8243; global_colors_info=&#8221;{}&#8221;][et_pb_column type=&#8221;1_2&#8243; specialty_columns=&#8221;2&#8243; _builder_version=&#8221;4.16&#8243; custom_padding=&#8221;|||&#8221; global_colors_info=&#8221;{}&#8221; custom_padding__hover=&#8221;|||&#8221;][et_pb_row_inner _builder_version=&#8221;4.21.0&#8243; global_colors_info=&#8221;{}&#8221;][et_pb_column_inner saved_specialty_column_type=&#8221;1_2&#8243; _builder_version=&#8221;4.21.0&#8243; custom_padding=&#8221;|||&#8221; global_colors_info=&#8221;{}&#8221; custom_padding__hover=&#8221;|||&#8221;][et_pb_text _builder_version=&#8221;4.21.0&#8243; text_font=&#8221;||||||||&#8221; text_font_size=&#8221;16px&#8221; text_line_height=&#8221;1.9em&#8221; link_font=&#8221;||||||||&#8221; link_text_color=&#8221;#ffffff&#8221; ul_font=&#8221;||||||||&#8221; ol_font=&#8221;||||||||&#8221; quote_font=&#8221;||||||||&#8221; header_font=&#8221;||||||||&#8221; header_font_size=&#8221;40px&#8221; header_2_font=&#8221;Playfair Display|700|||||||&#8221; header_2_font_size=&#8221;40px&#8221; header_2_line_height=&#8221;1.5em&#8221; header_3_font=&#8221;||||||||&#8221; header_4_font=&#8221;Lato|700|||||||&#8221; header_4_text_color=&#8221;rgba(255,255,255,0.4)&#8221; header_4_font_size=&#8221;16px&#8221; header_4_line_height=&#8221;1.5em&#8221; background_color=&#8221;#002034&#8243; background_enable_image=&#8221;off&#8221; background_layout=&#8221;dark&#8221; custom_margin=&#8221;31px|||||&#8221; custom_padding=&#8221;60px|40px|60px|40px|true|true&#8221; header_font_size_tablet=&#8221;30px&#8221; header_font_size_phone=&#8221;24px&#8221; header_font_size_last_edited=&#8221;on|phone&#8221; header_2_font_size_tablet=&#8221;30px&#8221; header_2_font_size_phone=&#8221;&#8221; header_2_font_size_last_edited=&#8221;on|tablet&#8221; box_shadow_style=&#8221;preset3&#8243; box_shadow_vertical=&#8221;100px&#8221; box_shadow_blur=&#8221;100px&#8221; box_shadow_spread=&#8221;-60px&#8221; global_colors_info=&#8221;{}&#8221;]<\/p>\n<h2>\u00a1Contacta con nosotros!<\/h2>\n<h4><span style=\"color: #ccffcc;\">Estamos encantados de atenderte<\/span><\/h4>\n<p>&nbsp;<\/p>\n<p>[\/et_pb_text][et_pb_social_media_follow _builder_version=&#8221;4.21.0&#8243; border_radii=&#8221;on|100px|100px|100px|100px&#8221; global_colors_info=&#8221;{}&#8221;][et_pb_social_media_follow_network social_network=&#8221;facebook&#8221; icon_color=&#8221;#a7d497&#8243; _builder_version=&#8221;4.21.0&#8243; background_color=&#8221;#002034&#8243; background_enable_color=&#8221;on&#8221; custom_margin=&#8221;|||&#8221; custom_padding=&#8221;10px|10px|10px|10px|true|true&#8221; global_colors_info=&#8221;{}&#8221; follow_button=&#8221;off&#8221; url_new_window=&#8221;on&#8221;]facebook[\/et_pb_social_media_follow_network][et_pb_social_media_follow_network social_network=&#8221;instagram&#8221; icon_color=&#8221;#a7d497&#8243; _builder_version=&#8221;4.21.0&#8243; background_color=&#8221;#002034&#8243; background_enable_color=&#8221;on&#8221; custom_margin=&#8221;|||&#8221; custom_padding=&#8221;10px|10px|10px|10px|true|true&#8221; global_colors_info=&#8221;{}&#8221; follow_button=&#8221;off&#8221; url_new_window=&#8221;on&#8221;]instagram[\/et_pb_social_media_follow_network][et_pb_social_media_follow_network social_network=&#8221;youtube&#8221; icon_color=&#8221;#a7d497&#8243; _builder_version=&#8221;4.21.0&#8243; background_color=&#8221;#002034&#8243; background_enable_color=&#8221;on&#8221; custom_margin=&#8221;|||&#8221; custom_padding=&#8221;10px|10px|10px|10px|true|true&#8221; global_colors_info=&#8221;{}&#8221; follow_button=&#8221;off&#8221; url_new_window=&#8221;on&#8221;]youtube[\/et_pb_social_media_follow_network][\/et_pb_social_media_follow][\/et_pb_column_inner][\/et_pb_row_inner][\/et_pb_column][et_pb_column type=&#8221;1_2&#8243; _builder_version=&#8221;4.16&#8243; custom_padding=&#8221;|||&#8221; global_colors_info=&#8221;{}&#8221; padding_tablet=&#8221;60px|50px|60px|50px|true|true&#8221; custom_padding__hover=&#8221;|||&#8221;][wpforms_selector form_id=&#8221;2352&#8243; _builder_version=&#8221;4.21.0&#8243; _module_preset=&#8221;default&#8221; global_colors_info=&#8221;{}&#8221;][\/wpforms_selector][\/et_pb_column][\/et_pb_section]<\/p>\n","protected":false},"excerpt":{"rendered":"<p>El Bachillerato es una etapa educativa determinante por cuanto debe proporcionar a los alumnos formaci\u00f3n, madurez intelectual y humana, conocimientos y habilidades que les permitan desarrollar funciones sociales e incorporarse a la vida activa con responsabilidad y competencia. Asimismo, capacitar\u00e1 a los alumnos para acceder a la educaci\u00f3n superiorEl Bachillerato comprende dos cursos. New Castelar [&hellip;]<\/p>\n","protected":false},"author":1,"featured_media":0,"parent":0,"menu_order":0,"comment_status":"closed","ping_status":"closed","template":"","meta":{"_et_pb_use_builder":"on","_et_pb_old_content":"","_et_gb_content_width":"","footnotes":""},"class_list":["post-1410","page","type-page","status-publish","hentry"],"yoast_head":"<!-- This site is optimized with the Yoast SEO plugin v27.1.1 - https:\/\/yoast.com\/product\/yoast-seo-wordpress\/ -->\n<title>Bachillerato - New Castelar College International School<\/title>\n<meta name=\"robots\" content=\"index, follow, max-snippet:-1, max-image-preview:large, max-video-preview:-1\" \/>\n<link rel=\"canonical\" href=\"https:\/\/newcastelar.com\/en\/bachillerato\/\" \/>\n<meta property=\"og:locale\" content=\"en_GB\" \/>\n<meta property=\"og:type\" content=\"article\" \/>\n<meta property=\"og:title\" content=\"Bachillerato - New Castelar College International School\" \/>\n<meta property=\"og:description\" content=\"El Bachillerato es una etapa educativa determinante por cuanto debe proporcionar a los alumnos formaci\u00f3n, madurez intelectual y humana, conocimientos y habilidades que les permitan desarrollar funciones sociales e incorporarse a la vida activa con responsabilidad y competencia. Asimismo, capacitar\u00e1 a los alumnos para acceder a la educaci\u00f3n superiorEl Bachillerato comprende dos cursos. New Castelar [&hellip;]\" \/>\n<meta property=\"og:url\" content=\"https:\/\/newcastelar.com\/en\/bachillerato\/\" \/>\n<meta property=\"og:site_name\" content=\"New Castelar College International School\" \/>\n<meta property=\"article:modified_time\" content=\"2023-11-27T15:55:35+00:00\" \/>\n<meta name=\"twitter:card\" content=\"summary_large_image\" \/>\n<meta name=\"twitter:label1\" content=\"Estimated reading time\" \/>\n\t<meta name=\"twitter:data1\" content=\"7 minutes\" \/>\n<script type=\"application\/ld+json\" class=\"yoast-schema-graph\">{\"@context\":\"https:\/\/schema.org\",\"@graph\":[{\"@type\":\"WebPage\",\"@id\":\"https:\/\/newcastelar.com\/bachillerato\/\",\"url\":\"https:\/\/newcastelar.com\/bachillerato\/\",\"name\":\"Bachillerato - New Castelar College International School\",\"isPartOf\":{\"@id\":\"https:\/\/newcastelar.com\/#website\"},\"datePublished\":\"2022-11-09T16:02:16+00:00\",\"dateModified\":\"2023-11-27T15:55:35+00:00\",\"breadcrumb\":{\"@id\":\"https:\/\/newcastelar.com\/bachillerato\/#breadcrumb\"},\"inLanguage\":\"en-GB\",\"potentialAction\":[{\"@type\":\"ReadAction\",\"target\":[\"https:\/\/newcastelar.com\/bachillerato\/\"]}]},{\"@type\":\"BreadcrumbList\",\"@id\":\"https:\/\/newcastelar.com\/bachillerato\/#breadcrumb\",\"itemListElement\":[{\"@type\":\"ListItem\",\"position\":1,\"name\":\"Portada\",\"item\":\"https:\/\/newcastelar.com\/\"},{\"@type\":\"ListItem\",\"position\":2,\"name\":\"Bachillerato\"}]},{\"@type\":\"WebSite\",\"@id\":\"https:\/\/newcastelar.com\/#website\",\"url\":\"https:\/\/newcastelar.com\/\",\"name\":\"New Castelar College International School\",\"description\":\"International School\",\"publisher\":{\"@id\":\"https:\/\/newcastelar.com\/#organization\"},\"alternateName\":\"New Castelar International School\",\"potentialAction\":[{\"@type\":\"SearchAction\",\"target\":{\"@type\":\"EntryPoint\",\"urlTemplate\":\"https:\/\/newcastelar.com\/?s={search_term_string}\"},\"query-input\":{\"@type\":\"PropertyValueSpecification\",\"valueRequired\":true,\"valueName\":\"search_term_string\"}}],\"inLanguage\":\"en-GB\"},{\"@type\":\"Organization\",\"@id\":\"https:\/\/newcastelar.com\/#organization\",\"name\":\"New Castelar College International School\",\"url\":\"https:\/\/newcastelar.com\/\",\"logo\":{\"@type\":\"ImageObject\",\"inLanguage\":\"en-GB\",\"@id\":\"https:\/\/newcastelar.com\/#\/schema\/logo\/image\/\",\"url\":\"https:\/\/newcastelar.com\/wp-content\/uploads\/2023\/02\/new.png\",\"contentUrl\":\"https:\/\/newcastelar.com\/wp-content\/uploads\/2023\/02\/new.png\",\"width\":1364,\"height\":1241,\"caption\":\"New Castelar College International School\"},\"image\":{\"@id\":\"https:\/\/newcastelar.com\/#\/schema\/logo\/image\/\"}}]}<\/script>\n<!-- \/ Yoast SEO plugin. -->","yoast_head_json":{"title":"Bachillerato - New Castelar College International School","robots":{"index":"index","follow":"follow","max-snippet":"max-snippet:-1","max-image-preview":"max-image-preview:large","max-video-preview":"max-video-preview:-1"},"canonical":"https:\/\/newcastelar.com\/en\/bachillerato\/","og_locale":"en_GB","og_type":"article","og_title":"Bachillerato - New Castelar College International School","og_description":"El Bachillerato es una etapa educativa determinante por cuanto debe proporcionar a los alumnos formaci\u00f3n, madurez intelectual y humana, conocimientos y habilidades que les permitan desarrollar funciones sociales e incorporarse a la vida activa con responsabilidad y competencia. Asimismo, capacitar\u00e1 a los alumnos para acceder a la educaci\u00f3n superiorEl Bachillerato comprende dos cursos. New Castelar [&hellip;]","og_url":"https:\/\/newcastelar.com\/en\/bachillerato\/","og_site_name":"New Castelar College International School","article_modified_time":"2023-11-27T15:55:35+00:00","twitter_card":"summary_large_image","twitter_misc":{"Estimated reading time":"7 minutes"},"schema":{"@context":"https:\/\/schema.org","@graph":[{"@type":"WebPage","@id":"https:\/\/newcastelar.com\/bachillerato\/","url":"https:\/\/newcastelar.com\/bachillerato\/","name":"Bachillerato - New Castelar College International School","isPartOf":{"@id":"https:\/\/newcastelar.com\/#website"},"datePublished":"2022-11-09T16:02:16+00:00","dateModified":"2023-11-27T15:55:35+00:00","breadcrumb":{"@id":"https:\/\/newcastelar.com\/bachillerato\/#breadcrumb"},"inLanguage":"en-GB","potentialAction":[{"@type":"ReadAction","target":["https:\/\/newcastelar.com\/bachillerato\/"]}]},{"@type":"BreadcrumbList","@id":"https:\/\/newcastelar.com\/bachillerato\/#breadcrumb","itemListElement":[{"@type":"ListItem","position":1,"name":"Portada","item":"https:\/\/newcastelar.com\/"},{"@type":"ListItem","position":2,"name":"Bachillerato"}]},{"@type":"WebSite","@id":"https:\/\/newcastelar.com\/#website","url":"https:\/\/newcastelar.com\/","name":"New Castelar College International School","description":"International School","publisher":{"@id":"https:\/\/newcastelar.com\/#organization"},"alternateName":"New Castelar International School","potentialAction":[{"@type":"SearchAction","target":{"@type":"EntryPoint","urlTemplate":"https:\/\/newcastelar.com\/?s={search_term_string}"},"query-input":{"@type":"PropertyValueSpecification","valueRequired":true,"valueName":"search_term_string"}}],"inLanguage":"en-GB"},{"@type":"Organization","@id":"https:\/\/newcastelar.com\/#organization","name":"New Castelar College International School","url":"https:\/\/newcastelar.com\/","logo":{"@type":"ImageObject","inLanguage":"en-GB","@id":"https:\/\/newcastelar.com\/#\/schema\/logo\/image\/","url":"https:\/\/newcastelar.com\/wp-content\/uploads\/2023\/02\/new.png","contentUrl":"https:\/\/newcastelar.com\/wp-content\/uploads\/2023\/02\/new.png","width":1364,"height":1241,"caption":"New Castelar College International School"},"image":{"@id":"https:\/\/newcastelar.com\/#\/schema\/logo\/image\/"}}]}},"_links":{"self":[{"href":"https:\/\/newcastelar.com\/en\/wp-json\/wp\/v2\/pages\/1410","targetHints":{"allow":["GET"]}}],"collection":[{"href":"https:\/\/newcastelar.com\/en\/wp-json\/wp\/v2\/pages"}],"about":[{"href":"https:\/\/newcastelar.com\/en\/wp-json\/wp\/v2\/types\/page"}],"author":[{"embeddable":true,"href":"https:\/\/newcastelar.com\/en\/wp-json\/wp\/v2\/users\/1"}],"replies":[{"embeddable":true,"href":"https:\/\/newcastelar.com\/en\/wp-json\/wp\/v2\/comments?post=1410"}],"version-history":[{"count":4,"href":"https:\/\/newcastelar.com\/en\/wp-json\/wp\/v2\/pages\/1410\/revisions"}],"predecessor-version":[{"id":2660,"href":"https:\/\/newcastelar.com\/en\/wp-json\/wp\/v2\/pages\/1410\/revisions\/2660"}],"wp:attachment":[{"href":"https:\/\/newcastelar.com\/en\/wp-json\/wp\/v2\/media?parent=1410"}],"curies":[{"name":"wp","href":"https:\/\/api.w.org\/{rel}","templated":true}]}}