{"id":1837,"date":"2023-01-19T11:50:51","date_gmt":"2023-01-19T11:50:51","guid":{"rendered":"https:\/\/newcastelar.com\/?page_id=1837"},"modified":"2024-07-17T14:24:19","modified_gmt":"2024-07-17T14:24:19","slug":"politica-de-cookies","status":"publish","type":"page","link":"https:\/\/newcastelar.com\/en\/politica-de-cookies\/","title":{"rendered":"Pol\u00edtica de Cookies"},"content":{"rendered":"<p><strong>POL\u00cdTICA DE COOKIES<\/strong><\/p>\n\n\n\n<p>Bienvenida\/o a la <strong>POL\u00cdTICA DE COOKIES<\/strong> de la p\u00e1gina web de la entidad NEW CASTELAR COLLEGE SL, provista de NIF B30482376, donde te explicaremos en un lenguaje claro y sencillo todas las cuestiones necesarias para que puedas tener el control sobre ellas en base a tus decisiones personales.<\/p>\n\n\n\n<ul class=\"wp-block-list\">\n<li><strong>\u00bfQU\u00c9 SON LAS COOKIES Y PARA QU\u00c9 LAS USAMOS?<\/strong><\/li>\n<\/ul>\n\n\n\n<p>Una&nbsp;cookie&nbsp;o galleta inform\u00e1tica es un peque\u00f1o archivo de informaci\u00f3n que se guarda en tu ordenador, \u201csmartphone\u201d o tableta cada vez que visitas nuestra p\u00e1gina web.<\/p>\n\n\n\n<p>En principio, una cookie es inofensiva: no contiene virus, troyanos, gusanos, etc. que puedan da\u00f1ar tu terminal, pero s\u00ed tiene cierto impacto sobre tu derecho a la protecci\u00f3n de tus datos personales, pues recoge determinada informaci\u00f3n concerniente a tu persona (h\u00e1bitos de navegaci\u00f3n, identidad, preferencias, etc.).<\/p>\n\n\n\n<p>Es por ello que, en base a lo establecido en la normativa aplicable (LSSI y normativa vigente de protecci\u00f3n de datos personales), la activaci\u00f3n de determinados tipos de cookies necesitar\u00e1 de tu autorizaci\u00f3n previa.<\/p>\n\n\n\n<p>Antes de ello, te daremos alguna informaci\u00f3n adicional que te ayudar\u00e1 a una mejor toma de decisiones al respecto:<\/p>\n\n\n\n<ol class=\"wp-block-list\">\n<li>Las cookies pueden ser de varios tipos en funci\u00f3n de su finalidad:<\/li>\n\n\n\n<li>Las cookies t\u00e9cnicas son necesarias para que nuestra p\u00e1gina web pueda funcionar, no necesitan de tu autorizaci\u00f3n y son las \u00fanicas que tenemos activadas por defecto.<\/li>\n\n\n\n<li>El resto de cookies sirven para mejorar nuestra p\u00e1gina, para personalizarla en base a tus preferencias, o para poder mostrarte publicidad ajustada a tus b\u00fasquedas, gustos e intereses personales. Puedes aceptar todas estas cookies pulsando el bot\u00f3n <strong>ACEPTAR<\/strong>, rechazarlas pulsando el bot\u00f3n <strong>RECHAZAR<\/strong> o configurarlas clicando en el apartado <strong>CONFIGURACI\u00d3N DE COOKIES<\/strong>.<\/li>\n\n\n\n<li>Algunas cookies son nuestras (las denominaremos <strong>cookies propias<\/strong>) y otras pertenecen a empresas externas que prestan servicios para nuestra p\u00e1gina web (las denominaremos <strong>cookies de terceros<\/strong>: un ejemplo podr\u00edan ser las cookies de proveedores externos como Google). En este sentido, es importante que sepas que algunos de dichos proveedores externos pueden estar ubicados fuera de Espa\u00f1a.<\/li>\n<\/ol>\n\n\n\n<p>A nivel mundial, no todos los pa\u00edses tienen un mismo nivel de protecci\u00f3n de datos, existiendo algunos pa\u00edses m\u00e1s seguros que otros (por ejemplo, la Uni\u00f3n Europea es un entorno seguro para tus datos). Nuestra pol\u00edtica es recurrir a proveedores confiables que, con independencia de que se encuentren o no ubicados en la Uni\u00f3n Europea, hayan adoptado las garant\u00edas adecuadas para la protecci\u00f3n de tu informaci\u00f3n personal. No obstante, en el apartado denominado <strong>\u00bfQU\u00c9 TIPO DE COOKIES SE UTILIZAN ACTUALMENTE EN NUESTRA P\u00c1GINA WEB?<\/strong>, puedes consultar las distintas Pol\u00edticas de privacidad y protecci\u00f3n de datos de cada uno de los referidos proveedores externos, a fin de tomar una decisi\u00f3n consciente sobre la activaci\u00f3n o no de las <strong>cookies de terceros<\/strong> que utiliza nuestra p\u00e1gina web.&nbsp; &nbsp;&nbsp;<\/p>\n\n\n\n<ul class=\"wp-block-list\">\n<li>Finalmente, indicarte que, en funci\u00f3n del plazo de tiempo que permanecen activas, las cookies pueden ser de dos tipos:<\/li>\n\n\n\n<li><strong>Cookies de sesi\u00f3n:<\/strong> expiran autom\u00e1ticamente cuando terminas la sesi\u00f3n en tu ordenador, \u201csmartphone\u201d o tableta. Suelen emplearse para conservar la informaci\u00f3n necesaria mientras se te presta un servicio en una sola ocasi\u00f3n.<\/li>\n\n\n\n<li><strong>Cookies persistentes: <\/strong>permanecen almacenadas en tu ordenador, \u201csmartphone\u201d o tableta durante un periodo determinado, que puede variar desde unos minutos hasta varios a\u00f1os.<\/li>\n\n\n\n<li><strong>\u00bfQU\u00c9 TIPO DE COOKIES PODEMOS UTILIZAR EN NUESTRA P\u00c1GINA WEB?<\/strong><\/li>\n\n\n\n<li><strong>Cookies T\u00e9cnicas:<\/strong><\/li>\n<\/ul>\n\n\n\n<p>Las cookies t\u00e9cnicas son estrictamente necesarias para que nuestra p\u00e1gina web funcione y puedas navegar por la misma. Este tipo de cookies son las que, por ejemplo, nos permiten identificarte, darte acceso a determinadas partes restringidas de la p\u00e1gina si fuese necesario, o recordar diferentes opciones o servicios ya seleccionados por ti, como tus preferencias de privacidad. Por ello, <strong>est\u00e1n activadas por defecto, no siendo necesaria tu autorizaci\u00f3n al respecto<\/strong>.<\/p>\n\n\n\n<p>A trav\u00e9s de la configuraci\u00f3n de tu navegador, puedes bloquear o alertar de la presencia de este tipo de cookies, si bien dicho bloqueo afectar\u00e1 al correcto funcionamiento de las distintas funcionalidades de nuestra p\u00e1gina web.<\/p>\n\n\n\n<ul class=\"wp-block-list\">\n<li><strong>Cookies de An\u00e1lisis:<\/strong><\/li>\n<\/ul>\n\n\n\n<p>Las cookies de an\u00e1lisis nos permiten estudiar la navegaci\u00f3n de los usuarios de nuestra p\u00e1gina web en general (por ejemplo, qu\u00e9 secciones de la p\u00e1gina son las m\u00e1s visitadas, qu\u00e9 servicios se usan m\u00e1s y si funcionan correctamente, etc.).<\/p>\n\n\n\n<p>A partir de la informaci\u00f3n estad\u00edstica sobre la navegaci\u00f3n en nuestra p\u00e1gina web, podemos mejorar tanto el propio funcionamiento de la p\u00e1gina como los distintos servicios que ofrece. Por tanto, estas cookies <strong>no tienen una finalidad publicitaria<\/strong>, sino que \u00fanicamente sirven para que nuestra p\u00e1gina web funcione mejor, adapt\u00e1ndose a nuestros usuarios en general. Activ\u00e1ndolas contribuir\u00e1s a dicha mejora continua.<\/p>\n\n\n\n<p><strong>Puedes activar o desactivar estas cookies marcando la casilla correspondiente<\/strong>, estando desactivadas por defecto.<\/p>\n\n\n\n<ul class=\"wp-block-list\">\n<li><strong>Cookies de Funcionalidad y Personalizaci\u00f3n:<\/strong><\/li>\n<\/ul>\n\n\n\n<p>Las cookies de funcionalidad nos permiten recordar tus preferencias, para personalizar a tu medida determinadas caracter\u00edsticas y opciones generales de nuestra p\u00e1gina web, cada vez que accedas a la misma (por ejemplo, el idioma en que se te presenta la informaci\u00f3n, las secciones marcadas como favoritas, tu tipo de navegador, etc.).<\/p>\n\n\n\n<p>Por tanto, este tipo de cookies <strong>no tienen una finalidad publicitaria<\/strong>, sino que activ\u00e1ndolas mejorar\u00e1s la funcionalidad de la p\u00e1gina web (por ejemplo, adapt\u00e1ndose a tu tipo de navegador) y la personalizaci\u00f3n de la misma en base a tus preferencias (por ejemplo, presentando la informaci\u00f3n en el idioma que hayas escogido en anteriores ocasiones), lo cual contribuir\u00e1 a la facilidad, usabilidad y comodidad de nuestra p\u00e1gina durante tu navegaci\u00f3n.<\/p>\n\n\n\n<p><strong>Puedes activar o desactivar estas cookies marcando la casilla correspondiente<\/strong>, estando desactivadas por defecto.<\/p>\n\n\n\n<ul class=\"wp-block-list\">\n<li><strong>Cookies de Publicidad:<\/strong><\/li>\n<\/ul>\n\n\n\n<p>Las cookies de publicidad nos permiten la gesti\u00f3n de los espacios publicitarios incluidos en nuestra p\u00e1gina web en base a criterios como el contenido mostrado o la frecuencia en la que se muestran los anuncios.<\/p>\n\n\n\n<p>As\u00ed por ejemplo, si se te ha mostrado varias veces un mismo anuncio en nuestra p\u00e1gina web, y no has mostrado un inter\u00e9s personal haciendo clic sobre \u00e9l, este no volver\u00e1 a aparecer. En resumen, activando este tipo de cookies, la publicidad mostrada en nuestra p\u00e1gina web ser\u00e1 m\u00e1s \u00fatil y diversa, y menos repetitiva.<\/p>\n\n\n\n<p><strong>Puedes activar o desactivar estas cookies marcando la casilla correspondiente<\/strong>, estando desactivadas por defecto.<\/p>\n\n\n\n<ul class=\"wp-block-list\">\n<li><strong>Cookies de Publicidad Comportamental:<\/strong><\/li>\n<\/ul>\n\n\n\n<p>Las cookies de publicidad comportamental nos permiten obtener informaci\u00f3n basada en la observaci\u00f3n de tus h\u00e1bitos y comportamientos de navegaci\u00f3n en la web, a fin de poder mostrarte contenidos publicitarios que se ajusten mejor a tus gustos e intereses personales.<\/p>\n\n\n\n<p>Para que lo entiendas de manera muy sencilla, te pondremos un ejemplo ficticio: si tus \u00faltimas b\u00fasquedas en la web estuviesen relacionadas con literatura de suspense, te mostrar\u00edamos publicidad sobre libros de suspense.<\/p>\n\n\n\n<p>Por tanto, activando este tipo de cookies, la publicidad que te mostremos en nuestra p\u00e1gina web no ser\u00e1 gen\u00e9rica, sino que estar\u00e1 orientada a tus b\u00fasquedas, gustos e intereses, ajust\u00e1ndose por tanto exclusivamente a ti.<\/p>\n\n\n\n<p><strong>Puedes activar o desactivar estas cookies marcando la casilla correspondiente<\/strong>, estando desactivadas por defecto.<\/p>\n\n\n\n<ul class=\"wp-block-list\">\n<li><strong>\u00bfQU\u00c9 TIPO DE COOKIES SE UTILIZAN ACTUALMENTE EN NUESTRA P\u00c1GINA WEB?<\/strong><\/li>\n<\/ul>\n\n\n\n<p>A continuaci\u00f3n, procedemos a informarte sobre todos los tipos de cookies que actualmente se utilizan en nuestra p\u00e1gina web y la finalidad de cada una de las mismas. <\/p>\n\n\n\n<p><\/p>\n\n\n\n<ul class=\"wp-block-list\">\n<li><strong>\u00bfQU\u00c9 PUEDES HACER CON LAS COOKIES?<\/strong><\/li>\n<\/ul>\n\n\n\n<p>Cuando accedes por primera vez a nuestra p\u00e1gina web, se te muestra una ventana en la que te informamos que las cookies pueden ser de varios tipos:<\/p>\n\n\n\n<ul class=\"wp-block-list\">\n<li>Las cookies t\u00e9cnicas son necesarias para que nuestra p\u00e1gina web pueda funcionar, no necesitan de tu autorizaci\u00f3n y son las \u00fanicas que tenemos activadas por defecto.<\/li>\n\n\n\n<li>El resto de cookies sirven para mejorar nuestra p\u00e1gina, para personalizarla en base a tus preferencias, o para poder mostrarte publicidad ajustada a tus b\u00fasquedas, gustos e intereses personales. Puedes aceptar todas estas cookies pulsando el bot\u00f3n <strong>ACEPTAR<\/strong>, rechazarlas pulsando el bot\u00f3n <strong>RECHAZAR<\/strong> o configurarlas clicando en el apartado <strong>CONFIGURACI\u00d3N DE COOKIE<\/strong>S.\u00a0\u00a0\u00a0\u00a0\u00a0<\/li>\n<\/ul>\n\n\n\n<p>Informarte tambi\u00e9n que, una vez que hayas activado cualquier tipo de cookies, tienes la posibilidad de desactivarlas en el momento que desees, con el simple paso de desmarcar la casilla correspondiente en el apartado <strong>CONFIGURACI\u00d3N DE COOKIES <\/strong>de nuestra p\u00e1gina web. Siempre ser\u00e1 tan sencillo para ti activar nuestras cookies propias como desactivarlas.<\/p>\n\n\n\n<p>Recordarte asimismo que, a trav\u00e9s de la configuraci\u00f3n de tu navegador, puedes bloquear o alertar de la presencia de cookies, si bien dicho bloqueo puede afectar al correcto funcionamiento de las distintas funcionalidades de nuestra p\u00e1gina web en el caso de las cookies t\u00e9cnicas necesarias.<\/p>\n\n\n\n<p>Por \u00faltimo, indicarte que, si activas <strong>cookies de terceros<\/strong> (empresas externas que prestan servicios para nuestra p\u00e1gina web) y posteriormente deseas desactivarlas, podr\u00e1s hacerlo de dos formas: usando las herramientas de desactivaci\u00f3n de cookies de tu navegador o a trav\u00e9s de los propios sistemas habilitados por dichos proveedores externos.<\/p>\n\n\n\n<p>Para que te sea mucho m\u00e1s f\u00e1cil, a continuaci\u00f3n te relacionamos una serie de enlaces a las pautas de desactivaci\u00f3n de cookies de los navegadores de uso com\u00fan:<\/p>\n\n\n\n<ul class=\"wp-block-list\">\n<li><a href=\"https:\/\/support.google.com\/accounts\/answer\/61416?co=GENIE.Platform%3DDesktop&amp;hl=es\">Google Chrome<\/a>.<\/li>\n\n\n\n<li><a href=\"https:\/\/support.mozilla.org\/es\/kb\/Borrar%20cookies\">Mozilla Firefox<\/a>.<\/li>\n\n\n\n<li><a href=\"https:\/\/support.microsoft.com\/es-es\/help\/278835\/how-to-delete-cookie-files-in-internet-explorer\">Internet Explorer<\/a>.<\/li>\n\n\n\n<li><a href=\"https:\/\/support.apple.com\/es-es\/guide\/safari\/sfri11471\/mac\">Safari<\/a>.<\/li>\n\n\n\n<li><a href=\"https:\/\/support.apple.com\/es-es\/HT201265\">Safari para IOS (iPhone y iPad)<\/a>.<\/li>\n\n\n\n<li><a href=\"https:\/\/support.google.com\/accounts\/answer\/61416?co=GENIE.Platform%3DAndroid&amp;hl=es&amp;oco=1\">Google Chrome para Android<\/a>.\u00a0<\/li>\n\n\n\n<li><a href=\"https:\/\/support.google.com\/accounts\/answer\/61416?co=GENIE.Platform%3DiOS&amp;hl=es&amp;oco=1\">Google Chrome para Iphone y Ipad<\/a>.<\/li>\n<\/ul>","protected":false},"excerpt":{"rendered":"<p>POL\u00cdTICA DE COOKIES Bienvenida\/o a la POL\u00cdTICA DE COOKIES de la p\u00e1gina web de la entidad NEW CASTELAR COLLEGE SL, provista de NIF B30482376, donde te explicaremos en un lenguaje claro y sencillo todas las cuestiones necesarias para que puedas tener el control sobre ellas en base a tus decisiones personales. Una&nbsp;cookie&nbsp;o galleta inform\u00e1tica es [&hellip;]<\/p>\n","protected":false},"author":1,"featured_media":0,"parent":0,"menu_order":0,"comment_status":"closed","ping_status":"closed","template":"","meta":{"_et_pb_use_builder":"off","_et_pb_old_content":"","_et_gb_content_width":"","footnotes":""},"class_list":["post-1837","page","type-page","status-publish","hentry"],"yoast_head":"<!-- This site is optimized with the Yoast SEO plugin v27.1.1 - https:\/\/yoast.com\/product\/yoast-seo-wordpress\/ -->\n<title>Pol\u00edtica de Cookies - New Castelar College International School<\/title>\n<meta name=\"robots\" content=\"noindex, follow\" \/>\n<meta property=\"og:locale\" content=\"en_GB\" \/>\n<meta property=\"og:type\" content=\"article\" \/>\n<meta property=\"og:title\" content=\"Pol\u00edtica de Cookies - New Castelar College International School\" \/>\n<meta property=\"og:description\" content=\"POL\u00cdTICA DE COOKIES Bienvenida\/o a la POL\u00cdTICA DE COOKIES de la p\u00e1gina web de la entidad NEW CASTELAR COLLEGE SL, provista de NIF B30482376, donde te explicaremos en un lenguaje claro y sencillo todas las cuestiones necesarias para que puedas tener el control sobre ellas en base a tus decisiones personales. Una&nbsp;cookie&nbsp;o galleta inform\u00e1tica es [&hellip;]\" \/>\n<meta property=\"og:url\" content=\"https:\/\/newcastelar.com\/en\/politica-de-cookies\/\" \/>\n<meta property=\"og:site_name\" content=\"New Castelar College International School\" \/>\n<meta property=\"article:modified_time\" content=\"2024-07-17T14:24:19+00:00\" \/>\n<meta name=\"twitter:card\" content=\"summary_large_image\" \/>\n<meta name=\"twitter:label1\" content=\"Estimated reading time\" \/>\n\t<meta name=\"twitter:data1\" content=\"7 minutes\" \/>\n<script type=\"application\/ld+json\" class=\"yoast-schema-graph\">{\"@context\":\"https:\/\/schema.org\",\"@graph\":[{\"@type\":\"WebPage\",\"@id\":\"https:\/\/newcastelar.com\/politica-de-cookies\/\",\"url\":\"https:\/\/newcastelar.com\/politica-de-cookies\/\",\"name\":\"Pol\u00edtica de Cookies - New Castelar College International School\",\"isPartOf\":{\"@id\":\"https:\/\/newcastelar.com\/#website\"},\"datePublished\":\"2023-01-19T11:50:51+00:00\",\"dateModified\":\"2024-07-17T14:24:19+00:00\",\"breadcrumb\":{\"@id\":\"https:\/\/newcastelar.com\/politica-de-cookies\/#breadcrumb\"},\"inLanguage\":\"en-GB\",\"potentialAction\":[{\"@type\":\"ReadAction\",\"target\":[\"https:\/\/newcastelar.com\/politica-de-cookies\/\"]}]},{\"@type\":\"BreadcrumbList\",\"@id\":\"https:\/\/newcastelar.com\/politica-de-cookies\/#breadcrumb\",\"itemListElement\":[{\"@type\":\"ListItem\",\"position\":1,\"name\":\"Portada\",\"item\":\"https:\/\/newcastelar.com\/\"},{\"@type\":\"ListItem\",\"position\":2,\"name\":\"Pol\u00edtica de Cookies\"}]},{\"@type\":\"WebSite\",\"@id\":\"https:\/\/newcastelar.com\/#website\",\"url\":\"https:\/\/newcastelar.com\/\",\"name\":\"New Castelar College International School\",\"description\":\"International School\",\"publisher\":{\"@id\":\"https:\/\/newcastelar.com\/#organization\"},\"alternateName\":\"New Castelar International School\",\"potentialAction\":[{\"@type\":\"SearchAction\",\"target\":{\"@type\":\"EntryPoint\",\"urlTemplate\":\"https:\/\/newcastelar.com\/?s={search_term_string}\"},\"query-input\":{\"@type\":\"PropertyValueSpecification\",\"valueRequired\":true,\"valueName\":\"search_term_string\"}}],\"inLanguage\":\"en-GB\"},{\"@type\":\"Organization\",\"@id\":\"https:\/\/newcastelar.com\/#organization\",\"name\":\"New Castelar College International School\",\"url\":\"https:\/\/newcastelar.com\/\",\"logo\":{\"@type\":\"ImageObject\",\"inLanguage\":\"en-GB\",\"@id\":\"https:\/\/newcastelar.com\/#\/schema\/logo\/image\/\",\"url\":\"https:\/\/newcastelar.com\/wp-content\/uploads\/2023\/02\/new.png\",\"contentUrl\":\"https:\/\/newcastelar.com\/wp-content\/uploads\/2023\/02\/new.png\",\"width\":1364,\"height\":1241,\"caption\":\"New Castelar College International School\"},\"image\":{\"@id\":\"https:\/\/newcastelar.com\/#\/schema\/logo\/image\/\"}}]}<\/script>\n<!-- \/ Yoast SEO plugin. -->","yoast_head_json":{"title":"Pol\u00edtica de Cookies - New Castelar College International School","robots":{"index":"noindex","follow":"follow"},"og_locale":"en_GB","og_type":"article","og_title":"Pol\u00edtica de Cookies - New Castelar College International School","og_description":"POL\u00cdTICA DE COOKIES Bienvenida\/o a la POL\u00cdTICA DE COOKIES de la p\u00e1gina web de la entidad NEW CASTELAR COLLEGE SL, provista de NIF B30482376, donde te explicaremos en un lenguaje claro y sencillo todas las cuestiones necesarias para que puedas tener el control sobre ellas en base a tus decisiones personales. Una&nbsp;cookie&nbsp;o galleta inform\u00e1tica es [&hellip;]","og_url":"https:\/\/newcastelar.com\/en\/politica-de-cookies\/","og_site_name":"New Castelar College International School","article_modified_time":"2024-07-17T14:24:19+00:00","twitter_card":"summary_large_image","twitter_misc":{"Estimated reading time":"7 minutes"},"schema":{"@context":"https:\/\/schema.org","@graph":[{"@type":"WebPage","@id":"https:\/\/newcastelar.com\/politica-de-cookies\/","url":"https:\/\/newcastelar.com\/politica-de-cookies\/","name":"Pol\u00edtica de Cookies - New Castelar College International School","isPartOf":{"@id":"https:\/\/newcastelar.com\/#website"},"datePublished":"2023-01-19T11:50:51+00:00","dateModified":"2024-07-17T14:24:19+00:00","breadcrumb":{"@id":"https:\/\/newcastelar.com\/politica-de-cookies\/#breadcrumb"},"inLanguage":"en-GB","potentialAction":[{"@type":"ReadAction","target":["https:\/\/newcastelar.com\/politica-de-cookies\/"]}]},{"@type":"BreadcrumbList","@id":"https:\/\/newcastelar.com\/politica-de-cookies\/#breadcrumb","itemListElement":[{"@type":"ListItem","position":1,"name":"Portada","item":"https:\/\/newcastelar.com\/"},{"@type":"ListItem","position":2,"name":"Pol\u00edtica de Cookies"}]},{"@type":"WebSite","@id":"https:\/\/newcastelar.com\/#website","url":"https:\/\/newcastelar.com\/","name":"New Castelar College International School","description":"International School","publisher":{"@id":"https:\/\/newcastelar.com\/#organization"},"alternateName":"New Castelar International School","potentialAction":[{"@type":"SearchAction","target":{"@type":"EntryPoint","urlTemplate":"https:\/\/newcastelar.com\/?s={search_term_string}"},"query-input":{"@type":"PropertyValueSpecification","valueRequired":true,"valueName":"search_term_string"}}],"inLanguage":"en-GB"},{"@type":"Organization","@id":"https:\/\/newcastelar.com\/#organization","name":"New Castelar College International School","url":"https:\/\/newcastelar.com\/","logo":{"@type":"ImageObject","inLanguage":"en-GB","@id":"https:\/\/newcastelar.com\/#\/schema\/logo\/image\/","url":"https:\/\/newcastelar.com\/wp-content\/uploads\/2023\/02\/new.png","contentUrl":"https:\/\/newcastelar.com\/wp-content\/uploads\/2023\/02\/new.png","width":1364,"height":1241,"caption":"New Castelar College International School"},"image":{"@id":"https:\/\/newcastelar.com\/#\/schema\/logo\/image\/"}}]}},"_links":{"self":[{"href":"https:\/\/newcastelar.com\/en\/wp-json\/wp\/v2\/pages\/1837","targetHints":{"allow":["GET"]}}],"collection":[{"href":"https:\/\/newcastelar.com\/en\/wp-json\/wp\/v2\/pages"}],"about":[{"href":"https:\/\/newcastelar.com\/en\/wp-json\/wp\/v2\/types\/page"}],"author":[{"embeddable":true,"href":"https:\/\/newcastelar.com\/en\/wp-json\/wp\/v2\/users\/1"}],"replies":[{"embeddable":true,"href":"https:\/\/newcastelar.com\/en\/wp-json\/wp\/v2\/comments?post=1837"}],"version-history":[{"count":2,"href":"https:\/\/newcastelar.com\/en\/wp-json\/wp\/v2\/pages\/1837\/revisions"}],"predecessor-version":[{"id":3668,"href":"https:\/\/newcastelar.com\/en\/wp-json\/wp\/v2\/pages\/1837\/revisions\/3668"}],"wp:attachment":[{"href":"https:\/\/newcastelar.com\/en\/wp-json\/wp\/v2\/media?parent=1837"}],"curies":[{"name":"wp","href":"https:\/\/api.w.org\/{rel}","templated":true}]}}