{"id":358,"date":"2022-11-04T11:08:33","date_gmt":"2022-11-04T11:08:33","guid":{"rendered":"https:\/\/newcastelar.com\/?page_id=358"},"modified":"2023-11-27T12:50:45","modified_gmt":"2023-11-27T12:50:45","slug":"school-leadership","status":"publish","type":"page","link":"https:\/\/newcastelar.com\/en\/school-leadership\/","title":{"rendered":"School Leadership"},"content":{"rendered":"<p>[et_pb_section fb_built=&#8221;1&#8243; fullwidth=&#8221;on&#8221; admin_label=&#8221;Hero&#8221; _builder_version=&#8221;4.18.1&#8243; background_image=&#8221;https:\/\/newcastelar.com\/wp-content\/uploads\/2022\/11\/fachara-trasera.jpg&#8221; global_colors_info=&#8221;{}&#8221;][et_pb_fullwidth_header title=&#8221;Comit\u00e9 de Direcci\u00f3n Educativa e Innovaci\u00f3n Docente&#8221; content_max_width=&#8221;700px&#8221; _builder_version=&#8221;4.21.0&#8243; title_font=&#8221;Playfair Display|700|||||||&#8221; title_font_size=&#8221;48px&#8221; title_line_height=&#8221;2.3em&#8221; content_font=&#8221;Nunito|600|||||||&#8221; content_font_size=&#8221;20px&#8221; subhead_font=&#8221;Lato|700|||||||&#8221; subhead_font_size=&#8221;30px&#8221; subhead_line_height=&#8221;1.8em&#8221; background_color=&#8221;rgba(0,0,0,0)&#8221; use_background_color_gradient=&#8221;on&#8221; background_color_gradient_direction=&#8221;220deg&#8221; background_color_gradient_stops=&#8221;rgba(53,80,160,0.27) 0%|#005f31 100%&#8221; background_color_gradient_overlays_image=&#8221;on&#8221; background_color_gradient_start=&#8221;rgba(53,80,160,0.27)&#8221; background_color_gradient_end=&#8221;#3550a0&#8243; custom_button_one=&#8221;on&#8221; button_one_text_size=&#8221;16px&#8221; button_one_text_color=&#8221;#3550a0&#8243; button_one_bg_color=&#8221;#ffffff&#8221; button_one_border_width=&#8221;10px&#8221; button_one_border_color=&#8221;rgba(210,159,104,0)&#8221; button_one_border_radius=&#8221;100px&#8221; button_one_font=&#8221;Lato|900|||||||&#8221; button_one_use_icon=&#8221;off&#8221; custom_button_two=&#8221;on&#8221; button_two_text_size=&#8221;16px&#8221; button_two_text_color=&#8221;#ffffff&#8221; button_two_bg_color=&#8221;rgba(255,255,255,0.15)&#8221; button_two_border_width=&#8221;10px&#8221; button_two_border_color=&#8221;rgba(210,159,104,0)&#8221; button_two_border_radius=&#8221;100px&#8221; button_two_font=&#8221;Lato|900|||||||&#8221; button_two_use_icon=&#8221;off&#8221; custom_margin=&#8221;|||&#8221; custom_padding=&#8221;10vw||8vw||false|&#8221; custom_padding_tablet=&#8221;20vw||20vw||true&#8221; custom_padding_phone=&#8221;20vw||20vw||true&#8221; custom_padding_last_edited=&#8221;on|desktop&#8221; hover_enabled=&#8221;0&#8243; title_font_size_tablet=&#8221;50px&#8221; title_font_size_phone=&#8221;32px&#8221; title_font_size_last_edited=&#8221;on|tablet&#8221; button_one_text_color_hover=&#8221;#3550a0&#8243; button_two_text_color_hover=&#8221;#ffffff&#8221; button_one_bg_color_hover=&#8221;rgba(255,255,255,0.8)&#8221; button_two_bg_color_hover=&#8221;rgba(255,255,255,0.3)&#8221; global_colors_info=&#8221;{}&#8221; button_one_text_size__hover_enabled=&#8221;off&#8221; button_two_text_size__hover_enabled=&#8221;off&#8221; button_one_text_color__hover_enabled=&#8221;on&#8221; button_one_text_color__hover=&#8221;#3550a0&#8243; button_two_text_color__hover_enabled=&#8221;on&#8221; button_two_text_color__hover=&#8221;#ffffff&#8221; button_one_border_width__hover_enabled=&#8221;off&#8221; button_two_border_width__hover_enabled=&#8221;off&#8221; button_one_border_color__hover_enabled=&#8221;off&#8221; button_two_border_color__hover_enabled=&#8221;off&#8221; button_one_border_radius__hover_enabled=&#8221;off&#8221; button_two_border_radius__hover_enabled=&#8221;off&#8221; button_one_letter_spacing__hover_enabled=&#8221;off&#8221; button_two_letter_spacing__hover_enabled=&#8221;off&#8221; button_one_bg_color__hover_enabled=&#8221;on&#8221; button_one_bg_color__hover=&#8221;rgba(255,255,255,0.8)&#8221; button_two_bg_color__hover_enabled=&#8221;on&#8221; button_two_bg_color__hover=&#8221;rgba(255,255,255,0.3)&#8221; sticky_enabled=&#8221;0&#8243;][\/et_pb_fullwidth_header][\/et_pb_section][et_pb_section fb_built=&#8221;1&#8243; disabled_on=&#8221;off|off|off&#8221; admin_label=&#8221;About&#8221; _builder_version=&#8221;4.16&#8243; global_colors_info=&#8221;{}&#8221;][et_pb_row _builder_version=&#8221;4.16&#8243; global_colors_info=&#8221;{}&#8221;][et_pb_column type=&#8221;4_4&#8243; _builder_version=&#8221;4.16&#8243; custom_padding=&#8221;|||&#8221; global_colors_info=&#8221;{}&#8221; custom_padding__hover=&#8221;|||&#8221;][et_pb_text _builder_version=&#8221;4.18.1&#8243; text_font=&#8221;Lato||||||||&#8221; text_font_size=&#8221;16px&#8221; text_line_height=&#8221;1.8em&#8221; header_font=&#8221;||||||||&#8221; header_2_font=&#8221;Playfair Display|700|||||||&#8221; header_2_font_size=&#8221;40px&#8221; header_2_line_height=&#8221;1.5em&#8221; header_6_font=&#8221;||||||||&#8221; max_width=&#8221;700px&#8221; max_width_last_edited=&#8221;off|desktop&#8221; custom_margin=&#8221;|||&#8221; custom_padding=&#8221;|||&#8221; header_2_font_size_tablet=&#8221;30px&#8221; header_2_font_size_phone=&#8221;24px&#8221; header_2_font_size_last_edited=&#8221;on|phone&#8221; locked=&#8221;off&#8221; global_colors_info=&#8221;{}&#8221;]<\/p>\n<h2 class=\"et_pb_module_header et-fb-editable-element et-fb-editable-element__editing\" data-shortcode-id=\"1.0.0.0-1532638965664\" data-quickaccess-id=\"header\" contenteditable=\"true\">\u00bfQu\u00e9 es exactamente? \u00bfCu\u00e1les son sus funciones?<\/h2>\n<p>[\/et_pb_text][\/et_pb_column][\/et_pb_row][et_pb_row column_structure=&#8221;1_3,2_3&#8243; _builder_version=&#8221;4.21.0&#8243; hover_enabled=&#8221;0&#8243; global_colors_info=&#8221;{}&#8221; sticky_enabled=&#8221;0&#8243;][et_pb_column type=&#8221;1_3&#8243; _builder_version=&#8221;4.21.0&#8243; custom_padding=&#8221;|||&#8221; hover_enabled=&#8221;0&#8243; global_colors_info=&#8221;{}&#8221; custom_padding__hover=&#8221;|||&#8221; sticky_enabled=&#8221;0&#8243;][et_pb_text _builder_version=&#8221;4.21.0&#8243; text_font=&#8221;Montserrat||||||||&#8221; text_font_size=&#8221;16px&#8221; text_line_height=&#8221;1.9em&#8221; header_font=&#8221;||||||||&#8221; header_3_font=&#8221;Montserrat|700||on|||||&#8221; header_3_text_color=&#8221;#005f31&#8243; header_3_font_size=&#8221;24px&#8221; header_3_line_height=&#8221;1.7em&#8221; header_6_font=&#8221;||||||||&#8221; text_orientation=&#8221;justified&#8221; max_width=&#8221;600px&#8221; max_width_last_edited=&#8221;off|desktop&#8221; custom_margin=&#8221;|||&#8221; custom_padding=&#8221;|||&#8221; hover_enabled=&#8221;0&#8243; header_3_font_size_tablet=&#8221;&#8221; header_3_font_size_phone=&#8221;20px&#8221; header_3_font_size_last_edited=&#8221;on|desktop&#8221; locked=&#8221;off&#8221; global_colors_info=&#8221;{}&#8221; sticky_enabled=&#8221;0&#8243;]<\/p>\n<h3>\u00bfqui\u00e9n lo forma?<\/h3>\n<p><span>Este comit\u00e9 est\u00e1\u00a0<\/span><strong>formado por miembros de la Comunidad Docente de New Castelar College<\/strong><span>\u00a0con una dilatada experiencia profesional y una determinante vocaci\u00f3n como educadores.<\/span><\/p>\n<p>[\/et_pb_text][\/et_pb_column][et_pb_column type=&#8221;2_3&#8243; _builder_version=&#8221;4.16&#8243; custom_padding=&#8221;|||&#8221; global_colors_info=&#8221;{}&#8221; custom_padding__hover=&#8221;|||&#8221;][et_pb_text _builder_version=&#8221;4.21.0&#8243; text_font=&#8221;Montserrat||||||||&#8221; text_font_size=&#8221;16px&#8221; text_line_height=&#8221;1.9em&#8221; header_font=&#8221;||||||||&#8221; header_3_font=&#8221;Lato|700||on|||||&#8221; header_3_text_color=&#8221;#005f31&#8243; header_3_font_size=&#8221;24px&#8221; header_3_line_height=&#8221;1.7em&#8221; header_6_font=&#8221;||||||||&#8221; max_width=&#8221;600px&#8221; max_width_last_edited=&#8221;off|desktop&#8221; custom_margin=&#8221;|||&#8221; custom_padding=&#8221;|||&#8221; hover_enabled=&#8221;0&#8243; header_3_font_size_tablet=&#8221;&#8221; header_3_font_size_phone=&#8221;20px&#8221; header_3_font_size_last_edited=&#8221;on|desktop&#8221; locked=&#8221;off&#8221; global_colors_info=&#8221;{}&#8221; sticky_enabled=&#8221;0&#8243;]<\/p>\n<h3>\u00bfQu\u00e9 objetivo tiene?<\/h3>\n<p><span>Su compromiso hacia el proyecto integral como centro internacional, su iniciativa, la responsabilidad social que demuestran en cada una de sus acciones y el ser capaz de dar lo mejor de ellos mismos cada d\u00eda son s\u00f3lo algunos de los rasgos diferenciadores que definen a este equipo de trabajo, quedando de manifiesto en cada una de las decisiones que toma.<\/span><\/p>\n<p><span><strong>En este \u00f3rgano decisorio se exponen, discuten, consens\u00faan y aprueban propuestas de \u00e1mbito curricular, educativo y docente<\/strong>, permitiendo reflexionar las mismas desde diferentes puntos de vista y adoptar las medidas m\u00e1s adecuadas para el desarrollo acad\u00e9mico y personal de los alumnos, asegurando el bienestar permanente, tanto desde el punto de vista acad\u00e9mico como personal, de los alumnos y profesores.\u00a0<\/span><\/p>\n<p>[\/et_pb_text][\/et_pb_column][\/et_pb_row][et_pb_row _builder_version=&#8221;4.18.1&#8243; _module_preset=&#8221;default&#8221; custom_padding=&#8221;12px|||||&#8221; global_colors_info=&#8221;{}&#8221;][et_pb_column type=&#8221;4_4&#8243; _builder_version=&#8221;4.18.1&#8243; _module_preset=&#8221;default&#8221; global_colors_info=&#8221;{}&#8221;][et_pb_text _builder_version=&#8221;4.18.1&#8243; _module_preset=&#8221;default&#8221; text_font=&#8221;Montserrat||||||||&#8221; text_font_size=&#8221;16px&#8221; text_line_height=&#8221;1.9em&#8221; global_colors_info=&#8221;{}&#8221;]<\/p>\n<p>Adem\u00e1s, es funci\u00f3n del Comit\u00e9 de Direcci\u00f3n Educativa e Innovaci\u00f3n Docente organizar y coordinar paulatinamente cualquier cambio en el \u00e1rea acad\u00e9mica-pedag\u00f3gica, incorporando procesos de participaci\u00f3n en el profesorado y de esta forma detectar problemas, proporcionar soluciones as\u00ed como guiar y supervisar los objetivos establecidos siempre en l\u00ednea con la MISI\u00d3N\u00a0 de New Castelar College.<\/p>\n<p><strong>Son los miembros del Comit\u00e9 de Direcci\u00f3n Educativa e Innovaci\u00f3n Docente, con su ejemplo, los iniciadores de cualquier proceso de cambio en beneficio de la Comunidad Educativa de New Castelar College.\u00a0<\/strong><\/p>\n<p><strong><em>New Castelar College International School<\/em><\/strong><br \/><strong><em>The future starts today!<\/em><\/strong><\/p>\n<p>[\/et_pb_text][\/et_pb_column][\/et_pb_row][\/et_pb_section][et_pb_section fb_built=&#8221;1&#8243; specialty=&#8221;on&#8221; padding_2_tablet=&#8221;60px|50px|60px|50px|true|true&#8221; admin_label=&#8221;Footer&#8221; _builder_version=&#8221;4.18.1&#8243; background_color=&#8221;#FFFFFF&#8221; use_background_color_gradient=&#8221;on&#8221; background_color_gradient_direction=&#8221;133deg&#8221; background_color_gradient_stops=&#8221;rgba(240,242,246,0.5) 0%|#ffffff 56%&#8221; background_color_gradient_overlays_image=&#8221;on&#8221; background_color_gradient_start=&#8221;#ffffff&#8221; background_color_gradient_start_position=&#8221;70%&#8221; background_color_gradient_end=&#8221;rgba(240,242,246,0.5)&#8221; background_color_gradient_end_position=&#8221;30%&#8221; background_image=&#8221;https:\/\/newcastelar.com\/wp-content\/uploads\/2022\/11\/atardecer-1-2.png&#8221; custom_margin=&#8221;-46px|||||&#8221; custom_padding=&#8221;77px|||||&#8221; global_module=&#8221;259&#8243; global_colors_info=&#8221;{}&#8221;][et_pb_column type=&#8221;1_2&#8243; specialty_columns=&#8221;2&#8243; _builder_version=&#8221;4.16&#8243; custom_padding=&#8221;|||&#8221; global_colors_info=&#8221;{}&#8221; custom_padding__hover=&#8221;|||&#8221;][et_pb_row_inner _builder_version=&#8221;4.21.0&#8243; global_colors_info=&#8221;{}&#8221;][et_pb_column_inner saved_specialty_column_type=&#8221;1_2&#8243; _builder_version=&#8221;4.21.0&#8243; custom_padding=&#8221;|||&#8221; global_colors_info=&#8221;{}&#8221; custom_padding__hover=&#8221;|||&#8221;][et_pb_text _builder_version=&#8221;4.21.0&#8243; text_font=&#8221;||||||||&#8221; text_font_size=&#8221;16px&#8221; text_line_height=&#8221;1.9em&#8221; link_font=&#8221;||||||||&#8221; link_text_color=&#8221;#ffffff&#8221; ul_font=&#8221;||||||||&#8221; ol_font=&#8221;||||||||&#8221; quote_font=&#8221;||||||||&#8221; header_font=&#8221;||||||||&#8221; header_font_size=&#8221;40px&#8221; header_2_font=&#8221;Playfair Display|700|||||||&#8221; header_2_font_size=&#8221;40px&#8221; header_2_line_height=&#8221;1.5em&#8221; header_3_font=&#8221;||||||||&#8221; header_4_font=&#8221;Lato|700|||||||&#8221; header_4_text_color=&#8221;rgba(255,255,255,0.4)&#8221; header_4_font_size=&#8221;16px&#8221; header_4_line_height=&#8221;1.5em&#8221; background_color=&#8221;#002034&#8243; background_enable_image=&#8221;off&#8221; background_layout=&#8221;dark&#8221; custom_margin=&#8221;31px|||||&#8221; custom_padding=&#8221;60px|40px|60px|40px|true|true&#8221; header_font_size_tablet=&#8221;30px&#8221; header_font_size_phone=&#8221;24px&#8221; header_font_size_last_edited=&#8221;on|phone&#8221; header_2_font_size_tablet=&#8221;30px&#8221; header_2_font_size_phone=&#8221;&#8221; header_2_font_size_last_edited=&#8221;on|tablet&#8221; box_shadow_style=&#8221;preset3&#8243; box_shadow_vertical=&#8221;100px&#8221; box_shadow_blur=&#8221;100px&#8221; box_shadow_spread=&#8221;-60px&#8221; global_colors_info=&#8221;{}&#8221;]<\/p>\n<h2>\u00a1Contacta con nosotros!<\/h2>\n<h4><span style=\"color: #ccffcc;\">Estamos encantados de atenderte<\/span><\/h4>\n<p>&nbsp;<\/p>\n<p>[\/et_pb_text][et_pb_social_media_follow _builder_version=&#8221;4.21.0&#8243; border_radii=&#8221;on|100px|100px|100px|100px&#8221; global_colors_info=&#8221;{}&#8221;][et_pb_social_media_follow_network social_network=&#8221;facebook&#8221; icon_color=&#8221;#a7d497&#8243; _builder_version=&#8221;4.21.0&#8243; background_color=&#8221;#002034&#8243; background_enable_color=&#8221;on&#8221; custom_margin=&#8221;|||&#8221; custom_padding=&#8221;10px|10px|10px|10px|true|true&#8221; global_colors_info=&#8221;{}&#8221; follow_button=&#8221;off&#8221; url_new_window=&#8221;on&#8221;]facebook[\/et_pb_social_media_follow_network][et_pb_social_media_follow_network social_network=&#8221;instagram&#8221; icon_color=&#8221;#a7d497&#8243; _builder_version=&#8221;4.21.0&#8243; background_color=&#8221;#002034&#8243; background_enable_color=&#8221;on&#8221; custom_margin=&#8221;|||&#8221; custom_padding=&#8221;10px|10px|10px|10px|true|true&#8221; global_colors_info=&#8221;{}&#8221; follow_button=&#8221;off&#8221; url_new_window=&#8221;on&#8221;]instagram[\/et_pb_social_media_follow_network][et_pb_social_media_follow_network social_network=&#8221;youtube&#8221; icon_color=&#8221;#a7d497&#8243; _builder_version=&#8221;4.21.0&#8243; background_color=&#8221;#002034&#8243; background_enable_color=&#8221;on&#8221; custom_margin=&#8221;|||&#8221; custom_padding=&#8221;10px|10px|10px|10px|true|true&#8221; global_colors_info=&#8221;{}&#8221; follow_button=&#8221;off&#8221; url_new_window=&#8221;on&#8221;]youtube[\/et_pb_social_media_follow_network][\/et_pb_social_media_follow][\/et_pb_column_inner][\/et_pb_row_inner][\/et_pb_column][et_pb_column type=&#8221;1_2&#8243; _builder_version=&#8221;4.16&#8243; custom_padding=&#8221;|||&#8221; global_colors_info=&#8221;{}&#8221; padding_tablet=&#8221;60px|50px|60px|50px|true|true&#8221; custom_padding__hover=&#8221;|||&#8221;][wpforms_selector form_id=&#8221;2352&#8243; _builder_version=&#8221;4.21.0&#8243; _module_preset=&#8221;default&#8221; global_colors_info=&#8221;{}&#8221;][\/wpforms_selector][\/et_pb_column][\/et_pb_section]<\/p>\n","protected":false},"excerpt":{"rendered":"<p>\u00bfQu\u00e9 es exactamente? \u00bfCu\u00e1les son sus funciones?\u00bfqui\u00e9n lo forma? Este comit\u00e9 est\u00e1\u00a0formado por miembros de la Comunidad Docente de New Castelar College\u00a0con una dilatada experiencia profesional y una determinante vocaci\u00f3n como educadores.\u00bfQu\u00e9 objetivo tiene? Su compromiso hacia el proyecto integral como centro internacional, su iniciativa, la responsabilidad social que demuestran en cada una de sus [&hellip;]<\/p>\n","protected":false},"author":1,"featured_media":0,"parent":0,"menu_order":0,"comment_status":"closed","ping_status":"closed","template":"","meta":{"_et_pb_use_builder":"on","_et_pb_old_content":"","_et_gb_content_width":"","footnotes":""},"class_list":["post-358","page","type-page","status-publish","hentry"],"yoast_head":"<!-- This site is optimized with the Yoast SEO plugin v27.1.1 - https:\/\/yoast.com\/product\/yoast-seo-wordpress\/ -->\n<title>School Leadership - New Castelar College International School<\/title>\n<meta name=\"robots\" content=\"index, follow, max-snippet:-1, max-image-preview:large, max-video-preview:-1\" \/>\n<link rel=\"canonical\" href=\"https:\/\/newcastelar.com\/en\/school-leadership\/\" \/>\n<meta property=\"og:locale\" content=\"en_GB\" \/>\n<meta property=\"og:type\" content=\"article\" \/>\n<meta property=\"og:title\" content=\"School Leadership - New Castelar College International School\" \/>\n<meta property=\"og:description\" content=\"\u00bfQu\u00e9 es exactamente? \u00bfCu\u00e1les son sus funciones?\u00bfqui\u00e9n lo forma? Este comit\u00e9 est\u00e1\u00a0formado por miembros de la Comunidad Docente de New Castelar College\u00a0con una dilatada experiencia profesional y una determinante vocaci\u00f3n como educadores.\u00bfQu\u00e9 objetivo tiene? Su compromiso hacia el proyecto integral como centro internacional, su iniciativa, la responsabilidad social que demuestran en cada una de sus [&hellip;]\" \/>\n<meta property=\"og:url\" content=\"https:\/\/newcastelar.com\/en\/school-leadership\/\" \/>\n<meta property=\"og:site_name\" content=\"New Castelar College International School\" \/>\n<meta property=\"article:modified_time\" content=\"2023-11-27T12:50:45+00:00\" \/>\n<meta name=\"twitter:card\" content=\"summary_large_image\" \/>\n<meta name=\"twitter:label1\" content=\"Estimated reading time\" \/>\n\t<meta name=\"twitter:data1\" content=\"8 minutes\" \/>\n<script type=\"application\/ld+json\" class=\"yoast-schema-graph\">{\"@context\":\"https:\/\/schema.org\",\"@graph\":[{\"@type\":\"WebPage\",\"@id\":\"https:\/\/newcastelar.com\/school-leadership\/\",\"url\":\"https:\/\/newcastelar.com\/school-leadership\/\",\"name\":\"School Leadership - New Castelar College International School\",\"isPartOf\":{\"@id\":\"https:\/\/newcastelar.com\/#website\"},\"datePublished\":\"2022-11-04T11:08:33+00:00\",\"dateModified\":\"2023-11-27T12:50:45+00:00\",\"breadcrumb\":{\"@id\":\"https:\/\/newcastelar.com\/school-leadership\/#breadcrumb\"},\"inLanguage\":\"en-GB\",\"potentialAction\":[{\"@type\":\"ReadAction\",\"target\":[\"https:\/\/newcastelar.com\/school-leadership\/\"]}]},{\"@type\":\"BreadcrumbList\",\"@id\":\"https:\/\/newcastelar.com\/school-leadership\/#breadcrumb\",\"itemListElement\":[{\"@type\":\"ListItem\",\"position\":1,\"name\":\"Portada\",\"item\":\"https:\/\/newcastelar.com\/\"},{\"@type\":\"ListItem\",\"position\":2,\"name\":\"School Leadership\"}]},{\"@type\":\"WebSite\",\"@id\":\"https:\/\/newcastelar.com\/#website\",\"url\":\"https:\/\/newcastelar.com\/\",\"name\":\"New Castelar College International School\",\"description\":\"International School\",\"publisher\":{\"@id\":\"https:\/\/newcastelar.com\/#organization\"},\"alternateName\":\"New Castelar International School\",\"potentialAction\":[{\"@type\":\"SearchAction\",\"target\":{\"@type\":\"EntryPoint\",\"urlTemplate\":\"https:\/\/newcastelar.com\/?s={search_term_string}\"},\"query-input\":{\"@type\":\"PropertyValueSpecification\",\"valueRequired\":true,\"valueName\":\"search_term_string\"}}],\"inLanguage\":\"en-GB\"},{\"@type\":\"Organization\",\"@id\":\"https:\/\/newcastelar.com\/#organization\",\"name\":\"New Castelar College International School\",\"url\":\"https:\/\/newcastelar.com\/\",\"logo\":{\"@type\":\"ImageObject\",\"inLanguage\":\"en-GB\",\"@id\":\"https:\/\/newcastelar.com\/#\/schema\/logo\/image\/\",\"url\":\"https:\/\/newcastelar.com\/wp-content\/uploads\/2023\/02\/new.png\",\"contentUrl\":\"https:\/\/newcastelar.com\/wp-content\/uploads\/2023\/02\/new.png\",\"width\":1364,\"height\":1241,\"caption\":\"New Castelar College International School\"},\"image\":{\"@id\":\"https:\/\/newcastelar.com\/#\/schema\/logo\/image\/\"}}]}<\/script>\n<!-- \/ Yoast SEO plugin. -->","yoast_head_json":{"title":"School Leadership - New Castelar College International School","robots":{"index":"index","follow":"follow","max-snippet":"max-snippet:-1","max-image-preview":"max-image-preview:large","max-video-preview":"max-video-preview:-1"},"canonical":"https:\/\/newcastelar.com\/en\/school-leadership\/","og_locale":"en_GB","og_type":"article","og_title":"School Leadership - New Castelar College International School","og_description":"\u00bfQu\u00e9 es exactamente? \u00bfCu\u00e1les son sus funciones?\u00bfqui\u00e9n lo forma? Este comit\u00e9 est\u00e1\u00a0formado por miembros de la Comunidad Docente de New Castelar College\u00a0con una dilatada experiencia profesional y una determinante vocaci\u00f3n como educadores.\u00bfQu\u00e9 objetivo tiene? Su compromiso hacia el proyecto integral como centro internacional, su iniciativa, la responsabilidad social que demuestran en cada una de sus [&hellip;]","og_url":"https:\/\/newcastelar.com\/en\/school-leadership\/","og_site_name":"New Castelar College International School","article_modified_time":"2023-11-27T12:50:45+00:00","twitter_card":"summary_large_image","twitter_misc":{"Estimated reading time":"8 minutes"},"schema":{"@context":"https:\/\/schema.org","@graph":[{"@type":"WebPage","@id":"https:\/\/newcastelar.com\/school-leadership\/","url":"https:\/\/newcastelar.com\/school-leadership\/","name":"School Leadership - New Castelar College International School","isPartOf":{"@id":"https:\/\/newcastelar.com\/#website"},"datePublished":"2022-11-04T11:08:33+00:00","dateModified":"2023-11-27T12:50:45+00:00","breadcrumb":{"@id":"https:\/\/newcastelar.com\/school-leadership\/#breadcrumb"},"inLanguage":"en-GB","potentialAction":[{"@type":"ReadAction","target":["https:\/\/newcastelar.com\/school-leadership\/"]}]},{"@type":"BreadcrumbList","@id":"https:\/\/newcastelar.com\/school-leadership\/#breadcrumb","itemListElement":[{"@type":"ListItem","position":1,"name":"Portada","item":"https:\/\/newcastelar.com\/"},{"@type":"ListItem","position":2,"name":"School Leadership"}]},{"@type":"WebSite","@id":"https:\/\/newcastelar.com\/#website","url":"https:\/\/newcastelar.com\/","name":"New Castelar College International School","description":"International School","publisher":{"@id":"https:\/\/newcastelar.com\/#organization"},"alternateName":"New Castelar International School","potentialAction":[{"@type":"SearchAction","target":{"@type":"EntryPoint","urlTemplate":"https:\/\/newcastelar.com\/?s={search_term_string}"},"query-input":{"@type":"PropertyValueSpecification","valueRequired":true,"valueName":"search_term_string"}}],"inLanguage":"en-GB"},{"@type":"Organization","@id":"https:\/\/newcastelar.com\/#organization","name":"New Castelar College International School","url":"https:\/\/newcastelar.com\/","logo":{"@type":"ImageObject","inLanguage":"en-GB","@id":"https:\/\/newcastelar.com\/#\/schema\/logo\/image\/","url":"https:\/\/newcastelar.com\/wp-content\/uploads\/2023\/02\/new.png","contentUrl":"https:\/\/newcastelar.com\/wp-content\/uploads\/2023\/02\/new.png","width":1364,"height":1241,"caption":"New Castelar College International School"},"image":{"@id":"https:\/\/newcastelar.com\/#\/schema\/logo\/image\/"}}]}},"_links":{"self":[{"href":"https:\/\/newcastelar.com\/en\/wp-json\/wp\/v2\/pages\/358","targetHints":{"allow":["GET"]}}],"collection":[{"href":"https:\/\/newcastelar.com\/en\/wp-json\/wp\/v2\/pages"}],"about":[{"href":"https:\/\/newcastelar.com\/en\/wp-json\/wp\/v2\/types\/page"}],"author":[{"embeddable":true,"href":"https:\/\/newcastelar.com\/en\/wp-json\/wp\/v2\/users\/1"}],"replies":[{"embeddable":true,"href":"https:\/\/newcastelar.com\/en\/wp-json\/wp\/v2\/comments?post=358"}],"version-history":[{"count":3,"href":"https:\/\/newcastelar.com\/en\/wp-json\/wp\/v2\/pages\/358\/revisions"}],"predecessor-version":[{"id":2647,"href":"https:\/\/newcastelar.com\/en\/wp-json\/wp\/v2\/pages\/358\/revisions\/2647"}],"wp:attachment":[{"href":"https:\/\/newcastelar.com\/en\/wp-json\/wp\/v2\/media?parent=358"}],"curies":[{"name":"wp","href":"https:\/\/api.w.org\/{rel}","templated":true}]}}