{"id":5742,"date":"2025-12-12T09:22:37","date_gmt":"2025-12-12T09:22:37","guid":{"rendered":"https:\/\/newcastelar.com\/?page_id=5742"},"modified":"2025-12-12T11:21:34","modified_gmt":"2025-12-12T11:21:34","slug":"contacto","status":"publish","type":"page","link":"https:\/\/newcastelar.com\/en\/contacto\/","title":{"rendered":"Contacto_revista_iberia"},"content":{"rendered":"\n[et_pb_section fb_built=&#8221;1&#8243; custom_padding_last_edited=&#8221;on|tablet&#8221; admin_label=&#8221;Hero&#8221; _builder_version=&#8221;4.25.2&#8243; background_image=&#8221;https:\/\/newcastelar.com\/wp-content\/uploads\/2024\/09\/DSC03530-3-min-scaled.jpg&#8221; background_position=&#8221;bottom_center&#8221; custom_padding=&#8221;6vw|0px|22vw|0px|false|false&#8221; custom_padding_tablet=&#8221;||6vw|&#8221; custom_padding_phone=&#8221;&#8221; global_colors_info=&#8221;{}&#8221;][et_pb_row _builder_version=&#8221;4.25.2&#8243; custom_margin=&#8221;|auto|46px|auto||&#8221; global_colors_info=&#8221;{}&#8221;][et_pb_column type=&#8221;4_4&#8243; _builder_version=&#8221;4.16&#8243; custom_padding=&#8221;|||&#8221; global_colors_info=&#8221;{}&#8221; custom_padding__hover=&#8221;|||&#8221;][et_pb_text _builder_version=&#8221;4.18.1&#8243; text_font=&#8221;Montserrat||||||||&#8221; text_font_size=&#8221;18px&#8221; text_line_height=&#8221;1.8em&#8221; ul_font=&#8221;||||||||&#8221; ol_font=&#8221;||||||||&#8221; header_font=&#8221;Montserrat|700|||||||&#8221; header_font_size=&#8221;70px&#8221; header_line_height=&#8221;1.5em&#8221; header_2_font=&#8221;||||||||&#8221; header_3_font=&#8221;Montserrat|700||on|||||&#8221; header_3_text_color=&#8221;#ffffff&#8221; header_3_font_size=&#8221;20px&#8221; header_3_line_height=&#8221;1.5em&#8221; header_4_font=&#8221;||||||||&#8221; header_5_font=&#8221;||||||||&#8221; header_6_font=&#8221;||||||||&#8221; text_orientation=&#8221;center&#8221; background_layout=&#8221;dark&#8221; custom_margin=&#8221;|||&#8221; header_font_size_tablet=&#8221;50px&#8221; header_font_size_phone=&#8221;32px&#8221; header_font_size_last_edited=&#8221;on|tablet&#8221; header_3_font_size_tablet=&#8221;50px&#8221; header_3_font_size_phone=&#8221;32px&#8221; header_3_font_size_last_edited=&#8221;off|desktop&#8221; locked=&#8221;off&#8221; global_colors_info=&#8221;{}&#8221;]<h1><\/h1>\n<h3>Estamos aqu\u00ed para atenderte<\/h3>[\/et_pb_text][\/et_pb_column][\/et_pb_row][\/et_pb_section][et_pb_section fb_built=&#8221;1&#8243; admin_label=&#8221;Contact&#8221; _builder_version=&#8221;4.16&#8243; custom_margin=&#8221;|||&#8221; custom_padding=&#8221;50px|0px|100px|0px|false|false&#8221; global_colors_info=&#8221;{}&#8221;][et_pb_row column_structure=&#8221;1_3,2_3&#8243; custom_padding_last_edited=&#8221;on|phone&#8221; _builder_version=&#8221;4.18.1&#8243; background_color=&#8221;#e2e2e2&#8243; custom_margin=&#8221;-150px|||&#8221; custom_margin_tablet=&#8221;0px|||&#8221; custom_margin_phone=&#8221;|||&#8221; custom_margin_last_edited=&#8221;on|tablet&#8221; custom_padding=&#8221;80px|4%|80px|4%|true|true&#8221; custom_padding_tablet=&#8221;|50px||50px||true&#8221; custom_padding_phone=&#8221;24px|24px|24px|24px|true|true&#8221; animation_style=&#8221;zoom&#8221; animation_intensity_zoom=&#8221;2%&#8221; box_shadow_style=&#8221;preset3&#8243; box_shadow_vertical=&#8221;100px&#8221; box_shadow_blur=&#8221;100px&#8221; box_shadow_spread=&#8221;-60px&#8221; global_colors_info=&#8221;{}&#8221;][et_pb_column type=&#8221;1_3&#8243; _builder_version=&#8221;4.16&#8243; custom_padding=&#8221;|||&#8221; global_colors_info=&#8221;{}&#8221; custom_padding__hover=&#8221;|||&#8221;][et_pb_text _builder_version=&#8221;4.21.0&#8243; text_font=&#8221;Montserrat|300|||||||&#8221; text_text_color=&#8221;#00163d&#8221; text_font_size=&#8221;16px&#8221; text_line_height=&#8221;1.8em&#8221; link_font=&#8221;||||||||&#8221; link_text_color=&#8221;#ffffff&#8221; ul_font=&#8221;||||||||&#8221; ol_font=&#8221;||||||||&#8221; quote_font=&#8221;||||||||&#8221; header_font=&#8221;Montserrat||||||||&#8221; header_text_color=&#8221;#001d89&#8243; header_font_size=&#8221;40px&#8221; header_2_font=&#8221;Montserrat|700|||||||&#8221; header_2_text_color=&#8221;#005f31&#8243; header_2_font_size=&#8221;40px&#8221; header_2_line_height=&#8221;1.5em&#8221; header_3_font=&#8221;||||||||&#8221; header_4_font=&#8221;Montserrat|700|||||||&#8221; header_4_text_color=&#8221;#001a2d&#8221; header_4_font_size=&#8221;16px&#8221; header_4_line_height=&#8221;1.5em&#8221; header_5_font=&#8221;||||||||&#8221; header_6_font=&#8221;||||||||&#8221; background_layout=&#8221;dark&#8221; custom_margin=&#8221;|||&#8221; custom_padding=&#8221;|||&#8221; header_font_size_tablet=&#8221;30px&#8221; header_font_size_phone=&#8221;24px&#8221; header_font_size_last_edited=&#8221;on|phone&#8221; header_2_font_size_tablet=&#8221;30px&#8221; header_2_font_size_phone=&#8221;&#8221; header_2_font_size_last_edited=&#8221;on|tablet&#8221; locked=&#8221;off&#8221; global_colors_info=&#8221;{}&#8221;]<h2>Contacta<\/h2>\n<h4>Tel\u00e9fono<\/h4>\n<p>(+34) 968 178 276<\/p>\n<h4>Email<\/h4>\n<p>info@newcastelar.com<\/p>\n<h4>Direcci\u00f3n<\/h4>\n<p>Calle Teruel,47.<\/p>\n<p>30740 San Pedro del Pinatar. Murcia<\/p>[\/et_pb_text][\/et_pb_column][et_pb_column type=&#8221;2_3&#8243; _builder_version=&#8221;4.16&#8243; custom_padding=&#8221;|||&#8221; global_colors_info=&#8221;{}&#8221; custom_padding__hover=&#8221;|||&#8221;][et_pb_code _builder_version=&#8221;4.18.1&#8243; _module_preset=&#8221;default&#8221; background_enable_color=&#8221;off&#8221; text_orientation=&#8221;left&#8221; global_colors_info=&#8221;{}&#8221;][\/et_pb_code][wpforms_selector form_id=&#8221;2352&#8243; _builder_version=&#8221;4.21.0&#8243; _module_preset=&#8221;default&#8221; global_colors_info=&#8221;{}&#8221;][\/wpforms_selector][\/et_pb_column][\/et_pb_row][et_pb_row _builder_version=&#8221;4.18.1&#8243; _module_preset=&#8221;default&#8221; global_colors_info=&#8221;{}&#8221;][et_pb_column type=&#8221;4_4&#8243; _builder_version=&#8221;4.18.1&#8243; _module_preset=&#8221;default&#8221; global_colors_info=&#8221;{}&#8221;][\/et_pb_column][\/et_pb_row][et_pb_row _builder_version=&#8221;4.18.1&#8243; _module_preset=&#8221;default&#8221; global_colors_info=&#8221;{}&#8221;][et_pb_column type=&#8221;4_4&#8243; _builder_version=&#8221;4.18.1&#8243; _module_preset=&#8221;default&#8221; global_colors_info=&#8221;{}&#8221;][et_pb_code _builder_version=&#8221;4.18.1&#8243; _module_preset=&#8221;default&#8221; text_orientation=&#8221;center&#8221; global_colors_info=&#8221;{}&#8221;]<iframe src=\"https:\/\/www.google.com\/maps\/embed?pb=!1m14!1m8!1m3!1d12606.47819801407!2d-0.7903552!3d37.8223794!3m2!1i1024!2i768!4f13.1!3m3!1m2!1s0x0%3A0x9e7bb725035db01!2sNew%20Castelar%20College%20International%20School!5e0!3m2!1ses!2ses!4v1668418366694!5m2!1ses!2ses\" width=\"800\" height=\"600\" style=\"border:0;\" allowfullscreen=\"\" loading=\"lazy\" referrerpolicy=\"no-referrer-when-downgrade\"><\/iframe>[\/et_pb_code][\/et_pb_column][\/et_pb_row][\/et_pb_section]\n","protected":false},"excerpt":{"rendered":"<p>Estamos aqu\u00ed para atenderteContacta Tel\u00e9fono (+34) 968 178 276 Email info@newcastelar.com Direcci\u00f3n Calle Teruel,47. 30740 San Pedro del Pinatar. Murcia<div class=\"et_pb_module wpforms_selector wpforms_selector_0\">\n\t\t\t\t\n\t\t\t\t\n\t\t\t\t\n\t\t\t\t\n\t\t\t\t\n\t\t\t\t\n\t\t\t\t<div class=\"et_pb_module_inner\">\n\t\t\t\t\t<div class=\"wpforms-container wpforms-container-full\" id=\"wpforms-2352\"><form id=\"wpforms-form-2352\" class=\"wpforms-validate wpforms-form wpforms-ajax-form\" data-formid=\"2352\" method=\"post\" enctype=\"multipart\/form-data\" action=\"\/en\/wp-json\/wp\/v2\/pages\/5742\" data-token=\"2298bd1ef965c564791ba8ec4170120b\" data-token-time=\"1775297239\"><noscript class=\"wpforms-error-noscript\">Please enable JavaScript in your browser to complete this form.<\/noscript><div class=\"wpforms-field-container\"><div id=\"wpforms-2352-field_1-container\" class=\"wpforms-field wpforms-field-name\" data-field-id=\"1\"><label class=\"wpforms-field-label\" for=\"wpforms-2352-field_1\">Nombre <span class=\"wpforms-required-label\">*<\/span><\/label><input type=\"text\" id=\"wpforms-2352-field_1\" class=\"wpforms-field-medium wpforms-field-required\" name=\"wpforms[fields][1]\" required><\/div><div id=\"wpforms-2352-field_2-container\" class=\"wpforms-field wpforms-field-email\" data-field-id=\"2\"><label class=\"wpforms-field-label\" for=\"wpforms-2352-field_2\">Correo electr\u00f3nico <span class=\"wpforms-required-label\">*<\/span><\/label><input type=\"email\" id=\"wpforms-2352-field_2\" class=\"wpforms-field-medium wpforms-field-required\" name=\"wpforms[fields][2]\" spellcheck=\"false\" required><\/div><div id=\"wpforms-2352-field_6-container\" class=\"wpforms-field wpforms-field-text\" data-field-id=\"6\"><label class=\"wpforms-field-label\" for=\"wpforms-2352-field_6\">Motivo de la consulta  <span class=\"wpforms-required-label\">*<\/span><\/label><input type=\"text\" id=\"wpforms-2352-field_6\" class=\"wpforms-field-medium wpforms-field-required\" name=\"wpforms[fields][6]\" required><\/div><div id=\"wpforms-2352-field_4-container\" class=\"wpforms-field wpforms-field-textarea\" data-field-id=\"4\"><label class=\"wpforms-field-label\" for=\"wpforms-2352-field_4\">Comentario o Mensaje  <span class=\"wpforms-required-label\">*<\/span><\/label><textarea id=\"wpforms-2352-field_4\" class=\"wpforms-field-medium wpforms-field-required\" name=\"wpforms[fields][4]\" required><\/textarea><\/div><div id=\"wpforms-2352-field_5-container\" class=\"wpforms-field wpforms-field-checkbox\" data-field-id=\"5\"><ul id=\"wpforms-2352-field_5\" class=\"wpforms-field-required\"><li class=\"choice-1 depth-1\"><input type=\"checkbox\" id=\"wpforms-2352-field_5_1\" name=\"wpforms[fields][5][]\" value=\"He le\u00eddo y acepto la Pol\u00edtica de Privacidad\" required ><label class=\"wpforms-field-label-inline\" for=\"wpforms-2352-field_5_1\">He le\u00eddo y acepto la Pol\u00edtica de Privacidad<\/label><\/li><\/ul><\/div><\/div><!-- .wpforms-field-container --><div class=\"wpforms-recaptcha-container wpforms-is-recaptcha wpforms-is-recaptcha-type-invisible\" ><div class=\"g-recaptcha\" data-sitekey=\"6Lfj4PonAAAAAOQoA-G38phRtWYYTSzDsThLNkm_\" data-size=\"invisible\"><\/div><\/div><div class=\"wpforms-submit-container\" ><input type=\"hidden\" name=\"wpforms[id]\" value=\"2352\"><input type=\"hidden\" name=\"page_title\" value=\"\"><input type=\"hidden\" name=\"page_url\" value=\"https:\/\/newcastelar.com\/en\/wp-json\/wp\/v2\/pages\/5742\"><input type=\"hidden\" name=\"url_referer\" value=\"\"><button type=\"submit\" name=\"wpforms[submit]\" id=\"wpforms-submit-2352\" class=\"wpforms-submit\" data-alt-text=\"Enviando...\" data-submit-text=\"Enviar\" aria-live=\"assertive\" value=\"wpforms-submit\">Enviar<\/button><img loading=\"lazy\" decoding=\"async\" src=\"https:\/\/newcastelar.com\/wp-content\/plugins\/wpforms-lite\/assets\/images\/submit-spin.svg\" class=\"wpforms-submit-spinner\" style=\"display: none;\" width=\"26\" height=\"26\" alt=\"Loading\"><\/div><input type=\"hidden\" id=\"ct_checkjs_wpforms_872488f88d1b2db54d55bc8bba2fad1b\" name=\"ct_checkjs_wpforms\" value=\"0\" \/><script>setTimeout(function(){var ct_input_name = \"ct_checkjs_wpforms_872488f88d1b2db54d55bc8bba2fad1b\";if (document.getElementById(ct_input_name) !== null) {var ct_input_value = document.getElementById(ct_input_name).value;document.getElementById(ct_input_name).value = document.getElementById(ct_input_name).value.replace(ct_input_value, '1866613383');}}, 1000);<\/script><input\n                    class=\"apbct_special_field apbct_email_id__wp_wpforms\"\n                    name=\"apbct__email_id__wp_wpforms\"\n                    aria-label=\"apbct__label_id__wp_wpforms\"\n                    type=\"text\" size=\"30\" maxlength=\"200\" autocomplete=\"off\"\n                    value=\"\"\n                \/><\/form><\/div>  <!-- .wpforms-container -->\n\t\t\t\t<\/div>\n\t\t\t<\/div><\/p>\n","protected":false},"author":1,"featured_media":0,"parent":0,"menu_order":0,"comment_status":"closed","ping_status":"closed","template":"","meta":{"_et_pb_use_builder":"on","_et_pb_old_content":"","_et_gb_content_width":"","footnotes":""},"class_list":["post-5742","page","type-page","status-publish","hentry"],"yoast_head":"<!-- This site is optimized with the Yoast SEO plugin v27.1.1 - https:\/\/yoast.com\/product\/yoast-seo-wordpress\/ -->\n<title>Contacto_revista_iberia - New Castelar College International School<\/title>\n<meta name=\"robots\" content=\"index, follow, max-snippet:-1, max-image-preview:large, max-video-preview:-1\" \/>\n<link rel=\"canonical\" href=\"https:\/\/newcastelar.com\/en\/contacto\/\" \/>\n<meta property=\"og:locale\" content=\"en_GB\" \/>\n<meta property=\"og:type\" content=\"article\" \/>\n<meta property=\"og:title\" content=\"Contacto_revista_iberia - New Castelar College International School\" \/>\n<meta property=\"og:description\" content=\"Estamos aqu\u00ed para atenderteContacta Tel\u00e9fono (+34) 968 178 276 Email info@newcastelar.com Direcci\u00f3n Calle Teruel,47. 30740 San Pedro del Pinatar. Murcia\" \/>\n<meta property=\"og:url\" content=\"https:\/\/newcastelar.com\/en\/contacto\/\" \/>\n<meta property=\"og:site_name\" content=\"New Castelar College International School\" \/>\n<meta property=\"article:modified_time\" content=\"2025-12-12T11:21:34+00:00\" \/>\n<meta name=\"twitter:card\" content=\"summary_large_image\" \/>\n<meta name=\"twitter:label1\" content=\"Estimated reading time\" \/>\n\t<meta name=\"twitter:data1\" content=\"1 minute\" \/>\n<script type=\"application\/ld+json\" class=\"yoast-schema-graph\">{\"@context\":\"https:\/\/schema.org\",\"@graph\":[{\"@type\":\"WebPage\",\"@id\":\"https:\/\/newcastelar.com\/contacto\/\",\"url\":\"https:\/\/newcastelar.com\/contacto\/\",\"name\":\"Contacto_revista_iberia - New Castelar College International School\",\"isPartOf\":{\"@id\":\"https:\/\/newcastelar.com\/#website\"},\"datePublished\":\"2025-12-12T09:22:37+00:00\",\"dateModified\":\"2025-12-12T11:21:34+00:00\",\"breadcrumb\":{\"@id\":\"https:\/\/newcastelar.com\/contacto\/#breadcrumb\"},\"inLanguage\":\"en-GB\",\"potentialAction\":[{\"@type\":\"ReadAction\",\"target\":[\"https:\/\/newcastelar.com\/contacto\/\"]}]},{\"@type\":\"BreadcrumbList\",\"@id\":\"https:\/\/newcastelar.com\/contacto\/#breadcrumb\",\"itemListElement\":[{\"@type\":\"ListItem\",\"position\":1,\"name\":\"Portada\",\"item\":\"https:\/\/newcastelar.com\/\"},{\"@type\":\"ListItem\",\"position\":2,\"name\":\"Contacto_revista_iberia\"}]},{\"@type\":\"WebSite\",\"@id\":\"https:\/\/newcastelar.com\/#website\",\"url\":\"https:\/\/newcastelar.com\/\",\"name\":\"New Castelar College International School\",\"description\":\"International School\",\"publisher\":{\"@id\":\"https:\/\/newcastelar.com\/#organization\"},\"alternateName\":\"New Castelar International School\",\"potentialAction\":[{\"@type\":\"SearchAction\",\"target\":{\"@type\":\"EntryPoint\",\"urlTemplate\":\"https:\/\/newcastelar.com\/?s={search_term_string}\"},\"query-input\":{\"@type\":\"PropertyValueSpecification\",\"valueRequired\":true,\"valueName\":\"search_term_string\"}}],\"inLanguage\":\"en-GB\"},{\"@type\":\"Organization\",\"@id\":\"https:\/\/newcastelar.com\/#organization\",\"name\":\"New Castelar College International School\",\"url\":\"https:\/\/newcastelar.com\/\",\"logo\":{\"@type\":\"ImageObject\",\"inLanguage\":\"en-GB\",\"@id\":\"https:\/\/newcastelar.com\/#\/schema\/logo\/image\/\",\"url\":\"https:\/\/newcastelar.com\/wp-content\/uploads\/2023\/02\/new.png\",\"contentUrl\":\"https:\/\/newcastelar.com\/wp-content\/uploads\/2023\/02\/new.png\",\"width\":1364,\"height\":1241,\"caption\":\"New Castelar College International School\"},\"image\":{\"@id\":\"https:\/\/newcastelar.com\/#\/schema\/logo\/image\/\"}}]}<\/script>\n<!-- \/ Yoast SEO plugin. -->","yoast_head_json":{"title":"Contacto_revista_iberia - New Castelar College International School","robots":{"index":"index","follow":"follow","max-snippet":"max-snippet:-1","max-image-preview":"max-image-preview:large","max-video-preview":"max-video-preview:-1"},"canonical":"https:\/\/newcastelar.com\/en\/contacto\/","og_locale":"en_GB","og_type":"article","og_title":"Contacto_revista_iberia - New Castelar College International School","og_description":"Estamos aqu\u00ed para atenderteContacta Tel\u00e9fono (+34) 968 178 276 Email info@newcastelar.com Direcci\u00f3n Calle Teruel,47. 30740 San Pedro del Pinatar. Murcia","og_url":"https:\/\/newcastelar.com\/en\/contacto\/","og_site_name":"New Castelar College International School","article_modified_time":"2025-12-12T11:21:34+00:00","twitter_card":"summary_large_image","twitter_misc":{"Estimated reading time":"1 minute"},"schema":{"@context":"https:\/\/schema.org","@graph":[{"@type":"WebPage","@id":"https:\/\/newcastelar.com\/contacto\/","url":"https:\/\/newcastelar.com\/contacto\/","name":"Contacto_revista_iberia - New Castelar College International School","isPartOf":{"@id":"https:\/\/newcastelar.com\/#website"},"datePublished":"2025-12-12T09:22:37+00:00","dateModified":"2025-12-12T11:21:34+00:00","breadcrumb":{"@id":"https:\/\/newcastelar.com\/contacto\/#breadcrumb"},"inLanguage":"en-GB","potentialAction":[{"@type":"ReadAction","target":["https:\/\/newcastelar.com\/contacto\/"]}]},{"@type":"BreadcrumbList","@id":"https:\/\/newcastelar.com\/contacto\/#breadcrumb","itemListElement":[{"@type":"ListItem","position":1,"name":"Portada","item":"https:\/\/newcastelar.com\/"},{"@type":"ListItem","position":2,"name":"Contacto_revista_iberia"}]},{"@type":"WebSite","@id":"https:\/\/newcastelar.com\/#website","url":"https:\/\/newcastelar.com\/","name":"New Castelar College International School","description":"International School","publisher":{"@id":"https:\/\/newcastelar.com\/#organization"},"alternateName":"New Castelar International School","potentialAction":[{"@type":"SearchAction","target":{"@type":"EntryPoint","urlTemplate":"https:\/\/newcastelar.com\/?s={search_term_string}"},"query-input":{"@type":"PropertyValueSpecification","valueRequired":true,"valueName":"search_term_string"}}],"inLanguage":"en-GB"},{"@type":"Organization","@id":"https:\/\/newcastelar.com\/#organization","name":"New Castelar College International School","url":"https:\/\/newcastelar.com\/","logo":{"@type":"ImageObject","inLanguage":"en-GB","@id":"https:\/\/newcastelar.com\/#\/schema\/logo\/image\/","url":"https:\/\/newcastelar.com\/wp-content\/uploads\/2023\/02\/new.png","contentUrl":"https:\/\/newcastelar.com\/wp-content\/uploads\/2023\/02\/new.png","width":1364,"height":1241,"caption":"New Castelar College International School"},"image":{"@id":"https:\/\/newcastelar.com\/#\/schema\/logo\/image\/"}}]}},"_links":{"self":[{"href":"https:\/\/newcastelar.com\/en\/wp-json\/wp\/v2\/pages\/5742","targetHints":{"allow":["GET"]}}],"collection":[{"href":"https:\/\/newcastelar.com\/en\/wp-json\/wp\/v2\/pages"}],"about":[{"href":"https:\/\/newcastelar.com\/en\/wp-json\/wp\/v2\/types\/page"}],"author":[{"embeddable":true,"href":"https:\/\/newcastelar.com\/en\/wp-json\/wp\/v2\/users\/1"}],"replies":[{"embeddable":true,"href":"https:\/\/newcastelar.com\/en\/wp-json\/wp\/v2\/comments?post=5742"}],"version-history":[{"count":3,"href":"https:\/\/newcastelar.com\/en\/wp-json\/wp\/v2\/pages\/5742\/revisions"}],"predecessor-version":[{"id":5745,"href":"https:\/\/newcastelar.com\/en\/wp-json\/wp\/v2\/pages\/5742\/revisions\/5745"}],"wp:attachment":[{"href":"https:\/\/newcastelar.com\/en\/wp-json\/wp\/v2\/media?parent=5742"}],"curies":[{"name":"wp","href":"https:\/\/api.w.org\/{rel}","templated":true}]}}